{"id":3629,"date":"2024-03-12T22:28:45","date_gmt":"2024-03-12T22:28:45","guid":{"rendered":"https:\/\/shebell.com\/lesiones-personales\/proceso-de-reclamacion-por-lesiones-personales-en-nueva-jersey\/"},"modified":"2026-03-24T14:51:06","modified_gmt":"2026-03-24T14:51:06","slug":"proceso-de-reclamacion-por-lesiones-personales-en-nueva-jersey","status":"publish","type":"page","link":"https:\/\/shebell.com\/es\/lesiones-personales\/proceso-de-reclamacion-por-lesiones-personales-en-nueva-jersey\/","title":{"rendered":"Proceso de reclamaci\u00f3n por lesiones personales en Nueva Jersey"},"content":{"rendered":"\n<h2 class=\"wp-block-heading\" id=\"h-experienced-attorneys-explain-the-steps-to-filing-an-insurance-claim\">Abogados experimentados explican los pasos para presentar una reclamaci\u00f3n de seguro<\/h2>\n\n<p>A trav\u00e9s del proceso de reclamaci\u00f3n por <a title=\"Lesiones personales\" href=\"https:\/\/shebell.com\/new-jersey-personal-injury-lawyers\/\">lesiones personales<\/a> de Nueva Jersey, las personas lesionadas por la negligencia de otros pueden solicitar una indemnizaci\u00f3n por sus p\u00e9rdidas. Sin embargo, el proceso es complejo y las compa\u00f1\u00edas de seguros parten con ventaja. Un abogado experimentado puede equilibrar las condiciones.  <\/p>\n\n<p>Si usted es la v\u00edctima lesionada de un accidente en Nueva Jersey, p\u00f3ngase en contacto con <a title=\"Shebell &amp; Shebell, LLC\" href=\"https:\/\/shebell.com\/es\/\">Shebell &amp; Shebell, LLC<\/a> para una consulta gratuita. Podemos explicarle c\u00f3mo se aplica la ley a su situaci\u00f3n y ayudarle a valorar sus opciones. Nuestro bufete de abogados de lesiones personales de Nueva Jersey puede encargarse del proceso por usted. Mientras usted se centra en su recuperaci\u00f3n, nosotros lucharemos por su derecho a la m\u00e1xima indemnizaci\u00f3n. Nuestros abogados de lesiones personales de Nueva Jersey tramitan casos relacionados con accidentes de veh\u00edculos de motor, resbalones y ca\u00eddas, y otros tipos de lesiones causadas por negligencia.    <\/p>\n\n<h2 class=\"wp-block-heading\" id=\"h-how-the-new-jersey-injury-claim-process-works\">C\u00f3mo funciona el proceso de reclamaci\u00f3n por lesiones en Nueva Jersey<\/h2>\n\n<p>Para muchas v\u00edctimas lesionadas en accidentes, el proceso de reclamaci\u00f3n de seguro comienza inmediatamente en el lugar del incidente. Estos son los pasos habituales en una reclamaci\u00f3n por lesiones en un accidente en Nueva Jersey: <\/p>\n\n<ul class=\"wp-block-list\">\n<li><strong>Reciba atenci\u00f3n m\u00e9dica<\/strong>. Si ha resultado lesionado, busque atenci\u00f3n m\u00e9dica lo antes posible. Esto no solo es importante para su salud, sino tambi\u00e9n para establecer un registro de sus lesiones que ser\u00e1 necesario para respaldar su reclamaci\u00f3n.  <\/li>\n\n\n\n<li><strong>Recopile pruebas<\/strong>. Si su salud y seguridad lo permiten, tome fotograf\u00edas y v\u00eddeos del lugar de su lesi\u00f3n. Recoja los nombres, declaraciones e informaci\u00f3n de contacto de los testigos.  <\/li>\n\n\n\n<li><strong>Consulte a un abogado<\/strong>. Mientras usted se centra en lo que m\u00e1s le importa, un abogado puede investigar el accidente, recopilar pruebas y negociar con las compa\u00f1\u00edas de seguros en su nombre. <\/li>\n\n\n\n<li><strong>Presente una reclamaci\u00f3n ante la compa\u00f1\u00eda de seguros<\/strong>. En Shebell &amp; Shebell, LLC, podemos gestionar las preguntas de la compa\u00f1\u00eda de seguros, investigar, recopilar pruebas, reunir testimonios de expertos, calcular la indemnizaci\u00f3n m\u00e1xima, presentar documentos legales persuasivos y mantener su reclamaci\u00f3n en marcha. <\/li>\n\n\n\n<li><strong>Calcule la indemnizaci\u00f3n<\/strong>. La indemnizaci\u00f3n por sus lesiones debe incluir sus gastos m\u00e9dicos, la p\u00e9rdida de ingresos si no puede trabajar debido a una lesi\u00f3n, el dolor y el sufrimiento, y otros gastos relacionados con el accidente. Su abogado puede calcular el importe total de la indemnizaci\u00f3n que merece.  <\/li>\n\n\n\n<li><strong>Negocie un acuerdo<\/strong>. Nuestros abogados de lesiones personales presionan a la compa\u00f1\u00eda de seguros hasta que le hagan una oferta sustancial. La decisi\u00f3n de aceptar o no un acuerdo es en \u00faltima instancia suya.  <\/li>\n\n\n\n<li><strong>Presente una demanda<\/strong>. Si la compa\u00f1\u00eda de seguros no paga lo que usted merece, nuestro equipo legal se prepara para llevarlos a los tribunales. <\/li>\n\n\n\n<li><strong>Asista a mediaci\u00f3n o juicio<\/strong>. Pocos casos llegan a este punto; incluso si tenemos que presentar una demanda, a\u00fan podemos negociar un acuerdo con la compa\u00f1\u00eda de seguros. Sin embargo, estamos preparados para llevar su caso a juicio si es necesario, y nos aseguraremos de que est\u00e9 preparado para cada paso del proceso.  <\/li>\n<\/ul>\n\n<h2 class=\"wp-block-heading\" id=\"h-do-i-qualify-to-file-a-personal-injury-claim-in-new-jersey\">\u00bfRe\u00fano los requisitos para presentar una reclamaci\u00f3n por lesiones personales en Nueva Jersey?<\/h2>\n\n<p>Para tener un caso de indemnizaci\u00f3n por lesiones personales, debe <a title=\"www.njleg.state.nj.us\" href=\"https:\/\/www.njleg.state.nj.us\/chapter-laws\" target=\"_blank\" rel=\"noopener\">demostrar negligencia<\/a>. B\u00e1sicamente, existen cuatro elementos que deben darse para fundamentar su caso: <\/p>\n\n<ul class=\"wp-block-list\">\n<li><strong>Deber de diligencia.<\/strong>  Debe establecer que otra persona u organizaci\u00f3n ten\u00eda la responsabilidad legal de actuar de manera segura hacia usted.<\/li>\n\n\n\n<li><strong>Incumplimiento<\/strong>. Mediante acci\u00f3n u omisi\u00f3n, esa persona u organizaci\u00f3n se comport\u00f3 de manera negligente, incumpliendo ese deber de diligencia. <\/li>\n\n\n\n<li><strong>Causalidad<\/strong>. Usted result\u00f3 lesionado debido a este incumplimiento de su deber de diligencia. <\/li>\n\n\n\n<li><strong>Da\u00f1os<\/strong>. Usted sufri\u00f3 p\u00e9rdidas econ\u00f3micas, dolor y\/o tuvo otras p\u00e9rdidas como resultado de la lesi\u00f3n. <\/li>\n<\/ul>\n\n<h2 class=\"wp-block-heading\" id=\"h-don-t-go-up-against-the-insurance-company-on-your-own\">No se enfrente a la compa\u00f1\u00eda de seguros por su cuenta<\/h2>\n\n<p>Despu\u00e9s de un accidente grave, lo m\u00e1s importante que puede hacer tras recibir atenci\u00f3n m\u00e9dica es consultar a un abogado experimentado en lesiones personales de Nueva Jersey en Shebell &amp; Shebell, LLC. Ganamos casos desde 1927. Nuestro bufete de abogados de Nueva Jersey ofrece <a title=\"Consulta de caso gratuita\" href=\"\/contact-us\/\">consultas de casos gratuitas<\/a> a clientes potenciales.  <\/p>\n\n<p>Recuerde: la compa\u00f1\u00eda de seguros tiene abogados. Usted no quiere ser el \u00fanico en la mesa de negociaci\u00f3n sin un abogado. Si usted es la v\u00edctima lesionada de un accidente en Nueva Jersey, deje que un profesional con un largo historial de \u00e9xito gestione su reclamaci\u00f3n. <a title=\"Cont&#xE1;ctenos\" href=\"\/contact-us\/\">P\u00f3ngase en contacto con Shebell &amp; Shebell, LLC<\/a> para una consulta de caso gratuita.  <\/p>\n","protected":false},"excerpt":{"rendered":"<p>Abogados experimentados explican los pasos para presentar una reclamaci\u00f3n de seguro A trav\u00e9s del proceso de reclamaci\u00f3n por lesiones personales de Nueva Jersey, las personas lesionadas por la negligencia de otros pueden solicitar una indemnizaci\u00f3n por sus p\u00e9rdidas. Sin embargo, el proceso es complejo y las compa\u00f1\u00edas de seguros parten con ventaja. Un abogado experimentado puede equilibrar las condiciones. Si usted es la v\u00edctima lesionada de un accidente en Nueva Jersey, p\u00f3ngase en contacto con Shebell &amp; Shebell, LLC para una consulta gratuita. Podemos explicarle c\u00f3mo se aplica la ley a su situaci\u00f3n y ayudarle a valorar sus opciones. Nuestro bufete de abogados de lesiones personales de Nueva Jersey puede encargarse del proceso por usted. Mientras usted se centra en su recuperaci\u00f3n, nosotros lucharemos por su derecho a la m\u00e1xima indemnizaci\u00f3n. Nuestros abogados de lesiones personales de Nueva Jersey tramitan casos relacionados con accidentes de veh\u00edculos de motor, resbalones y ca\u00eddas, y otros tipos de lesiones causadas por negligencia. C\u00f3mo funciona el proceso de reclamaci\u00f3n por lesiones en Nueva Jersey Para muchas v\u00edctimas lesionadas en accidentes, el proceso de reclamaci\u00f3n de seguro comienza inmediatamente en el lugar del incidente. Estos son los pasos habituales en una reclamaci\u00f3n por lesiones en un accidente en Nueva Jersey: \u00bfRe\u00fano los requisitos para presentar una reclamaci\u00f3n por lesiones personales en Nueva Jersey? Para tener un caso de indemnizaci\u00f3n por lesiones personales, debe demostrar negligencia. B\u00e1sicamente, existen cuatro elementos que deben darse para fundamentar su caso: No se enfrente a la compa\u00f1\u00eda de seguros por su cuenta Despu\u00e9s de un accidente grave, lo m\u00e1s importante que puede hacer tras recibir atenci\u00f3n m\u00e9dica es consultar a un abogado experimentado en lesiones personales de Nueva Jersey en Shebell &amp; Shebell, LLC. Ganamos casos desde 1927. Nuestro bufete de abogados de Nueva Jersey ofrece consultas de casos gratuitas a clientes potenciales. Recuerde: la compa\u00f1\u00eda de seguros tiene abogados. Usted no quiere ser el \u00fanico en la mesa de negociaci\u00f3n sin un abogado. Si usted es la v\u00edctima lesionada de un accidente en Nueva Jersey, deje que un profesional con un largo historial de \u00e9xito gestione su reclamaci\u00f3n. P\u00f3ngase en contacto con Shebell &amp; Shebell, LLC para una consulta de caso gratuita.<\/p>\n","protected":false},"author":5,"featured_media":3630,"parent":3617,"menu_order":8,"comment_status":"closed","ping_status":"closed","template":"","meta":{"_genesis_block_theme_hide_title":false,"footnotes":""},"class_list":["post-3629","page","type-page","status-publish","has-post-thumbnail","hentry","post","with-featured-image"],"yoast_head":"<!-- This site is optimized with the Yoast SEO Premium plugin v27.2 (Yoast SEO v27.2) - https:\/\/yoast.com\/product\/yoast-seo-premium-wordpress\/ -->\n<title>Abogado del proceso de reclamaci\u00f3n por lesiones personales en NJ | Shebell &amp; Shebell<\/title>\n<meta name=\"description\" content=\"\u00bfTramitando una reclamaci\u00f3n por lesiones personales en NJ? Los abogados experimentados de Shebell &amp; Shebell le gu\u00edan a trav\u00e9s del proceso para garantizar que reciba la indemnizaci\u00f3n que merece.\" \/>\n<meta name=\"robots\" content=\"index, follow, max-snippet:-1, max-image-preview:large, max-video-preview:-1\" \/>\n<link rel=\"canonical\" href=\"https:\/\/shebell.com\/es\/lesiones-personales\/proceso-de-reclamacion-por-lesiones-personales-en-nueva-jersey\/\" \/>\n<meta property=\"og:locale\" content=\"es_ES\" \/>\n<meta property=\"og:type\" content=\"article\" \/>\n<meta property=\"og:title\" content=\"Proceso de reclamaci\u00f3n por lesiones personales en Nueva Jersey\" \/>\n<meta property=\"og:description\" content=\"\u00bfTramitando una reclamaci\u00f3n por lesiones personales en NJ? Los abogados experimentados de Shebell &amp; Shebell le gu\u00edan a trav\u00e9s del proceso para garantizar que reciba la indemnizaci\u00f3n que merece.\" \/>\n<meta property=\"og:url\" content=\"https:\/\/shebell.com\/es\/lesiones-personales\/proceso-de-reclamacion-por-lesiones-personales-en-nueva-jersey\/\" \/>\n<meta property=\"og:site_name\" content=\"Shebell &amp; Shebell Injury Lawyers\" \/>\n<meta property=\"article:publisher\" content=\"https:\/\/www.facebook.com\/shebellandshebell\" \/>\n<meta property=\"article:modified_time\" content=\"2026-03-24T14:51:06+00:00\" \/>\n<meta property=\"og:image\" content=\"https:\/\/shebell.com\/wp-content\/uploads\/2024\/03\/StockCake-Judicial-Gavel-Closeup_1711857326.jpg\" \/>\n\t<meta property=\"og:image:width\" content=\"1024\" \/>\n\t<meta property=\"og:image:height\" content=\"1024\" \/>\n\t<meta property=\"og:image:type\" content=\"image\/jpeg\" \/>\n<meta name=\"twitter:card\" content=\"summary_large_image\" \/>\n<meta name=\"twitter:label1\" content=\"Tiempo de lectura\" \/>\n\t<meta name=\"twitter:data1\" content=\"4 minutos\" \/>\n<script type=\"application\/ld+json\" class=\"yoast-schema-graph\">{\"@context\":\"https:\/\/schema.org\",\"@graph\":[{\"@type\":\"WebPage\",\"@id\":\"https:\/\/shebell.com\/es\/lesiones-personales\/proceso-de-reclamacion-por-lesiones-personales-en-nueva-jersey\/\",\"url\":\"https:\/\/shebell.com\/es\/lesiones-personales\/proceso-de-reclamacion-por-lesiones-personales-en-nueva-jersey\/\",\"name\":\"Abogado del proceso de reclamaci\u00f3n por lesiones personales en NJ | Shebell & Shebell\",\"isPartOf\":{\"@id\":\"https:\/\/shebell.com\/es\/#website\"},\"primaryImageOfPage\":{\"@id\":\"https:\/\/shebell.com\/es\/lesiones-personales\/proceso-de-reclamacion-por-lesiones-personales-en-nueva-jersey\/#primaryimage\"},\"image\":{\"@id\":\"https:\/\/shebell.com\/es\/lesiones-personales\/proceso-de-reclamacion-por-lesiones-personales-en-nueva-jersey\/#primaryimage\"},\"thumbnailUrl\":\"https:\/\/shebell.com\/wp-content\/uploads\/2024\/03\/StockCake-Judicial-Gavel-Closeup_1711857326.jpg\",\"datePublished\":\"2024-03-12T22:28:45+00:00\",\"dateModified\":\"2026-03-24T14:51:06+00:00\",\"description\":\"\u00bfTramitando una reclamaci\u00f3n por lesiones personales en NJ? Los abogados experimentados de Shebell & Shebell le gu\u00edan a trav\u00e9s del proceso para garantizar que reciba la indemnizaci\u00f3n que merece.\",\"breadcrumb\":{\"@id\":\"https:\/\/shebell.com\/es\/lesiones-personales\/proceso-de-reclamacion-por-lesiones-personales-en-nueva-jersey\/#breadcrumb\"},\"inLanguage\":\"es\",\"potentialAction\":[{\"@type\":\"ReadAction\",\"target\":[\"https:\/\/shebell.com\/es\/lesiones-personales\/proceso-de-reclamacion-por-lesiones-personales-en-nueva-jersey\/\"]}]},{\"@type\":\"ImageObject\",\"inLanguage\":\"es\",\"@id\":\"https:\/\/shebell.com\/es\/lesiones-personales\/proceso-de-reclamacion-por-lesiones-personales-en-nueva-jersey\/#primaryimage\",\"url\":\"https:\/\/shebell.com\/wp-content\/uploads\/2024\/03\/StockCake-Judicial-Gavel-Closeup_1711857326.jpg\",\"contentUrl\":\"https:\/\/shebell.com\/wp-content\/uploads\/2024\/03\/StockCake-Judicial-Gavel-Closeup_1711857326.jpg\",\"width\":1024,\"height\":1024},{\"@type\":\"BreadcrumbList\",\"@id\":\"https:\/\/shebell.com\/es\/lesiones-personales\/proceso-de-reclamacion-por-lesiones-personales-en-nueva-jersey\/#breadcrumb\",\"itemListElement\":[{\"@type\":\"ListItem\",\"position\":1,\"name\":\"Home\",\"item\":\"https:\/\/shebell.com\/es\/inicio\/\"},{\"@type\":\"ListItem\",\"position\":2,\"name\":\"Lesiones Personales\",\"item\":\"https:\/\/shebell.com\/es\/lesiones-personales\/\"},{\"@type\":\"ListItem\",\"position\":3,\"name\":\"Proceso de reclamaci\u00f3n por lesiones personales en Nueva Jersey\"}]},{\"@type\":\"WebSite\",\"@id\":\"https:\/\/shebell.com\/es\/#website\",\"url\":\"https:\/\/shebell.com\/es\/\",\"name\":\"Shebell & Shebell Injury Lawyers\",\"description\":\"New Jersey Workers&#039; Compensation Lawyers &amp; Injury Attorneys\",\"publisher\":{\"@id\":\"https:\/\/shebell.com\/es\/#organization\"},\"potentialAction\":[{\"@type\":\"SearchAction\",\"target\":{\"@type\":\"EntryPoint\",\"urlTemplate\":\"https:\/\/shebell.com\/es\/?s={search_term_string}\"},\"query-input\":{\"@type\":\"PropertyValueSpecification\",\"valueRequired\":true,\"valueName\":\"search_term_string\"}}],\"inLanguage\":\"es\"},{\"@type\":\"Organization\",\"@id\":\"https:\/\/shebell.com\/es\/#organization\",\"name\":\"Shebell & Shebell Injury Lawyers\",\"url\":\"https:\/\/shebell.com\/es\/\",\"logo\":{\"@type\":\"ImageObject\",\"inLanguage\":\"es\",\"@id\":\"https:\/\/shebell.com\/es\/#\/schema\/logo\/image\/\",\"url\":\"https:\/\/shebell.com\/wp-content\/uploads\/2025\/10\/ShebellLogo11.png\",\"contentUrl\":\"https:\/\/shebell.com\/wp-content\/uploads\/2025\/10\/ShebellLogo11.png\",\"width\":1080,\"height\":252,\"caption\":\"Shebell & Shebell Injury Lawyers\"},\"image\":{\"@id\":\"https:\/\/shebell.com\/es\/#\/schema\/logo\/image\/\"},\"sameAs\":[\"https:\/\/www.facebook.com\/shebellandshebell\"]}]}<\/script>\n<!-- \/ Yoast SEO Premium plugin. -->","yoast_head_json":{"title":"Abogado del proceso de reclamaci\u00f3n por lesiones personales en NJ | Shebell & Shebell","description":"\u00bfTramitando una reclamaci\u00f3n por lesiones personales en NJ? Los abogados experimentados de Shebell & Shebell le gu\u00edan a trav\u00e9s del proceso para garantizar que reciba la indemnizaci\u00f3n que merece.","robots":{"index":"index","follow":"follow","max-snippet":"max-snippet:-1","max-image-preview":"max-image-preview:large","max-video-preview":"max-video-preview:-1"},"canonical":"https:\/\/shebell.com\/es\/lesiones-personales\/proceso-de-reclamacion-por-lesiones-personales-en-nueva-jersey\/","og_locale":"es_ES","og_type":"article","og_title":"Proceso de reclamaci\u00f3n por lesiones personales en Nueva Jersey","og_description":"\u00bfTramitando una reclamaci\u00f3n por lesiones personales en NJ? Los abogados experimentados de Shebell & Shebell le gu\u00edan a trav\u00e9s del proceso para garantizar que reciba la indemnizaci\u00f3n que merece.","og_url":"https:\/\/shebell.com\/es\/lesiones-personales\/proceso-de-reclamacion-por-lesiones-personales-en-nueva-jersey\/","og_site_name":"Shebell &amp; Shebell Injury Lawyers","article_publisher":"https:\/\/www.facebook.com\/shebellandshebell","article_modified_time":"2026-03-24T14:51:06+00:00","og_image":[{"width":1024,"height":1024,"url":"https:\/\/shebell.com\/wp-content\/uploads\/2024\/03\/StockCake-Judicial-Gavel-Closeup_1711857326.jpg","type":"image\/jpeg"}],"twitter_card":"summary_large_image","twitter_misc":{"Tiempo de lectura":"4 minutos"},"schema":{"@context":"https:\/\/schema.org","@graph":[{"@type":"WebPage","@id":"https:\/\/shebell.com\/es\/lesiones-personales\/proceso-de-reclamacion-por-lesiones-personales-en-nueva-jersey\/","url":"https:\/\/shebell.com\/es\/lesiones-personales\/proceso-de-reclamacion-por-lesiones-personales-en-nueva-jersey\/","name":"Abogado del proceso de reclamaci\u00f3n por lesiones personales en NJ | Shebell & Shebell","isPartOf":{"@id":"https:\/\/shebell.com\/es\/#website"},"primaryImageOfPage":{"@id":"https:\/\/shebell.com\/es\/lesiones-personales\/proceso-de-reclamacion-por-lesiones-personales-en-nueva-jersey\/#primaryimage"},"image":{"@id":"https:\/\/shebell.com\/es\/lesiones-personales\/proceso-de-reclamacion-por-lesiones-personales-en-nueva-jersey\/#primaryimage"},"thumbnailUrl":"https:\/\/shebell.com\/wp-content\/uploads\/2024\/03\/StockCake-Judicial-Gavel-Closeup_1711857326.jpg","datePublished":"2024-03-12T22:28:45+00:00","dateModified":"2026-03-24T14:51:06+00:00","description":"\u00bfTramitando una reclamaci\u00f3n por lesiones personales en NJ? Los abogados experimentados de Shebell & Shebell le gu\u00edan a trav\u00e9s del proceso para garantizar que reciba la indemnizaci\u00f3n que merece.","breadcrumb":{"@id":"https:\/\/shebell.com\/es\/lesiones-personales\/proceso-de-reclamacion-por-lesiones-personales-en-nueva-jersey\/#breadcrumb"},"inLanguage":"es","potentialAction":[{"@type":"ReadAction","target":["https:\/\/shebell.com\/es\/lesiones-personales\/proceso-de-reclamacion-por-lesiones-personales-en-nueva-jersey\/"]}]},{"@type":"ImageObject","inLanguage":"es","@id":"https:\/\/shebell.com\/es\/lesiones-personales\/proceso-de-reclamacion-por-lesiones-personales-en-nueva-jersey\/#primaryimage","url":"https:\/\/shebell.com\/wp-content\/uploads\/2024\/03\/StockCake-Judicial-Gavel-Closeup_1711857326.jpg","contentUrl":"https:\/\/shebell.com\/wp-content\/uploads\/2024\/03\/StockCake-Judicial-Gavel-Closeup_1711857326.jpg","width":1024,"height":1024},{"@type":"BreadcrumbList","@id":"https:\/\/shebell.com\/es\/lesiones-personales\/proceso-de-reclamacion-por-lesiones-personales-en-nueva-jersey\/#breadcrumb","itemListElement":[{"@type":"ListItem","position":1,"name":"Home","item":"https:\/\/shebell.com\/es\/inicio\/"},{"@type":"ListItem","position":2,"name":"Lesiones Personales","item":"https:\/\/shebell.com\/es\/lesiones-personales\/"},{"@type":"ListItem","position":3,"name":"Proceso de reclamaci\u00f3n por lesiones personales en Nueva Jersey"}]},{"@type":"WebSite","@id":"https:\/\/shebell.com\/es\/#website","url":"https:\/\/shebell.com\/es\/","name":"Shebell & Shebell Injury Lawyers","description":"New Jersey Workers&#039; Compensation Lawyers &amp; Injury Attorneys","publisher":{"@id":"https:\/\/shebell.com\/es\/#organization"},"potentialAction":[{"@type":"SearchAction","target":{"@type":"EntryPoint","urlTemplate":"https:\/\/shebell.com\/es\/?s={search_term_string}"},"query-input":{"@type":"PropertyValueSpecification","valueRequired":true,"valueName":"search_term_string"}}],"inLanguage":"es"},{"@type":"Organization","@id":"https:\/\/shebell.com\/es\/#organization","name":"Shebell & Shebell Injury Lawyers","url":"https:\/\/shebell.com\/es\/","logo":{"@type":"ImageObject","inLanguage":"es","@id":"https:\/\/shebell.com\/es\/#\/schema\/logo\/image\/","url":"https:\/\/shebell.com\/wp-content\/uploads\/2025\/10\/ShebellLogo11.png","contentUrl":"https:\/\/shebell.com\/wp-content\/uploads\/2025\/10\/ShebellLogo11.png","width":1080,"height":252,"caption":"Shebell & Shebell Injury Lawyers"},"image":{"@id":"https:\/\/shebell.com\/es\/#\/schema\/logo\/image\/"},"sameAs":["https:\/\/www.facebook.com\/shebellandshebell"]}]}},"featured_image_src":"https:\/\/shebell.com\/wp-content\/uploads\/2024\/03\/StockCake-Judicial-Gavel-Closeup_1711857326-600x400.jpg","featured_image_src_square":"https:\/\/shebell.com\/wp-content\/uploads\/2024\/03\/StockCake-Judicial-Gavel-Closeup_1711857326-600x600.jpg","_links":{"self":[{"href":"https:\/\/shebell.com\/es\/wp-json\/wp\/v2\/pages\/3629","targetHints":{"allow":["GET"]}}],"collection":[{"href":"https:\/\/shebell.com\/es\/wp-json\/wp\/v2\/pages"}],"about":[{"href":"https:\/\/shebell.com\/es\/wp-json\/wp\/v2\/types\/page"}],"author":[{"embeddable":true,"href":"https:\/\/shebell.com\/es\/wp-json\/wp\/v2\/users\/5"}],"replies":[{"embeddable":true,"href":"https:\/\/shebell.com\/es\/wp-json\/wp\/v2\/comments?post=3629"}],"version-history":[{"count":0,"href":"https:\/\/shebell.com\/es\/wp-json\/wp\/v2\/pages\/3629\/revisions"}],"up":[{"embeddable":true,"href":"https:\/\/shebell.com\/es\/wp-json\/wp\/v2\/pages\/3617"}],"wp:featuredmedia":[{"embeddable":true,"href":"https:\/\/shebell.com\/es\/wp-json\/wp\/v2\/media\/3630"}],"wp:attachment":[{"href":"https:\/\/shebell.com\/es\/wp-json\/wp\/v2\/media?parent=3629"}],"curies":[{"name":"wp","href":"https:\/\/api.w.org\/{rel}","templated":true}]}}