{"id":3628,"date":"2024-03-12T22:28:31","date_gmt":"2024-03-12T22:28:31","guid":{"rendered":"https:\/\/shebell.com\/muerte-por-negligencia-y-accion-de-supervivencia\/"},"modified":"2026-03-24T14:50:28","modified_gmt":"2026-03-24T14:50:28","slug":"muerte-por-negligencia-y-accion-de-supervivencia","status":"publish","type":"page","link":"https:\/\/shebell.com\/es\/muerte-por-negligencia-y-accion-de-supervivencia\/","title":{"rendered":"Muerte por negligencia y acci\u00f3n de supervivencia"},"content":{"rendered":"\n<h2 class=\"wp-block-heading\" id=\"h-our-attorneys-fight-to-deliver-justice-to-nj-families\">Nuestros abogados luchan para hacer justicia a las familias de Nueva Jersey<\/h2>\n\n<p>Si su familia ha sufrido una tragedia inimaginable y ha experimentado la muerte de un ser querido por negligencia, un abogado de Nueva Jersey especializado en muerte por negligencia y acci\u00f3n de supervivencia puede hacer que la parte responsable responda por sus actos y luchar para que usted obtenga la m\u00e1xima indemnizaci\u00f3n por sus da\u00f1os. <a title=\"Shebell &amp; Shebell, LLC\" href=\"https:\/\/shebell.com\/es\/\">Shebell &amp; Shebell, LLC<\/a> ha sido un firme defensor de sus clientes desde 1927 y sabe lo que se necesita para lograr un resultado favorable en su caso. Vea c\u00f3mo un abogado con experiencia en muerte por negligencia en Nueva Jersey puede ayudarle. <a title=\"P&#xF3;ngase en contacto con nosotros\" href=\"\/contact-us\/\">P\u00f3ngase en contacto con nosotros<\/a> hoy mismo para una consulta gratuita y confidencial. Nuestra <a title=\"Ubicaciones\" href=\"https:\/\/shebell.com\/location\/\">oficina<\/a> est\u00e1 convenientemente ubicada en Shrewsbury.  <\/p>\n\n<p>En Shebell &amp; Shebell, nuestros abogados de <a title=\"Lesiones personales\/otros casos\" href=\"https:\/\/shebell.com\/new-jersey-personal-injury-lawyers\/\">lesiones personales<\/a> comprenden lo devastador que puede ser la muerte il\u00edcita de alguien a quien usted quiere. Usted merece tiempo para hacer el duelo y lamentar la p\u00e9rdida de su ser querido, pero tambi\u00e9n es importante tomar medidas para garantizar que sus necesidades econ\u00f3micas est\u00e9n cubiertas no solo ahora, sino tambi\u00e9n en los a\u00f1os venideros. <\/p>\n\n<p>Lidiar con cuestiones legales complejas no es algo que deba esperarse de usted cuando alguien a quien quiere muere por negligencia; por eso le recomendamos encarecidamente que cuente con un abogado con experiencia en muerte por negligencia que sea su defensor y se encargue de todos los aspectos de su reclamaci\u00f3n. Nuestros abogados de Nueva Jersey especializados en muerte por negligencia y acci\u00f3n de supervivencia adoptar\u00e1n un enfoque firme para conseguirle la indemnizaci\u00f3n que merece, al tiempo que atienden sus necesidades y tratan su caso con dignidad y respeto durante todo el proceso. <\/p>\n\n<h2 class=\"wp-block-heading\" id=\"h-what-is-a-survivorship-claim\">\u00bfQu\u00e9 es una reclamaci\u00f3n de supervivencia?<\/h2>\n\n<p>Las reclamaciones de supervivencia las presenta la herencia del fallecido por el dolor y el sufrimiento que este padeci\u00f3 antes de morir, as\u00ed como por los gastos m\u00e9dicos y los salarios perdidos incurridos desde el momento de la lesi\u00f3n hasta el momento del fallecimiento. Estas reclamaciones son independientes de las reclamaciones por muerte por negligencia, que se centran en las p\u00e9rdidas sufridas por los familiares del fallecido. Nuestros abogados de Nueva Jersey especializados en muerte por negligencia y acci\u00f3n de supervivencia tienen experiencia en la tramitaci\u00f3n de ambos tipos de reclamaciones y trabajar\u00e1n diligentemente para obtener la indemnizaci\u00f3n que su familia merece.  <\/p>\n\n<h2 class=\"wp-block-heading\" id=\"h-what-is-a-wrongful-death-claim\">\u00bfQu\u00e9 es una reclamaci\u00f3n por muerte por negligencia?<\/h2>\n\n<p>Los casos de muerte por negligencia se derivan del fallecimiento il\u00edcito de una persona por negligencia, a menudo en forma de accidentes evitables (p. ej., accidentes de coche, accidentes de cami\u00f3n, accidentes de motocicleta, negligencia m\u00e9dica, etc.).<\/p>\n\n<p>Puede que su ser querido haya fallecido en una residencia de ancianos, un centro de vida asistida o un hospital como consecuencia de abuso o negligencia. Tambi\u00e9n puede ser que alguien a quien quiere muriera en un accidente de coche mortal causado por un conductor ebrio o por alguien que enviaba mensajes mientras conduc\u00eda. O su familia puede haber sufrido la p\u00e9rdida catastr\u00f3fica de un reci\u00e9n nacido durante el parto o inmediatamente despu\u00e9s del nacimiento debido a una negligencia m\u00e9dica por parte de un m\u00e9dico.  <\/p>\n\n<p>Sean cuales sean las circunstancias a las que se enfrente, p\u00f3ngase en contacto con <a title=\"Sobre nosotros\" href=\"https:\/\/shebell.com\/es\/sobre-nosotros\/\">nuestro bufete<\/a> de inmediato para ver si podemos ayudarle. Nuestros abogados de Nueva Jersey especializados en muerte por negligencia pueden revisar los detalles de su caso, responder a sus preguntas y ayudarle a comprender sus opciones legales. <\/p>\n\n<h2 class=\"wp-block-heading\" id=\"h-can-you-sue-a-prison-for-wrongful-death\">\u00bfSe puede demandar a una prisi\u00f3n por muerte por negligencia?<\/h2>\n\n<p>En general, si su ser querido estaba cumpliendo condena en prisi\u00f3n como recluso y sufri\u00f3 una muerte accidental por negligencia, abuso, desatenci\u00f3n o negligencia m\u00e9dica, es posible que pueda obtener una indemnizaci\u00f3n mediante una reclamaci\u00f3n por muerte por negligencia. Hay muchos aspectos a tener en cuenta al demandar a una prisi\u00f3n por muerte por negligencia, como si su ser querido estaba en la c\u00e1rcel o en prisi\u00f3n, si se trataba de una instituci\u00f3n p\u00fablica o privada y los detalles espec\u00edficos que rodean el fallecimiento de su ser querido. <\/p>\n\n<p>Los casos que implican la muerte il\u00edcita de un recluso que cumple condena en la c\u00e1rcel o en prisi\u00f3n son complejos y pueden ser dif\u00edciles de gestionar por su cuenta; por eso debe ponerse en contacto con nuestros abogados de Nueva Jersey especializados en muerte por negligencia lo antes posible para una consulta gratuita y confidencial.<\/p>\n\n<h2 class=\"wp-block-heading\" id=\"h-how-much-is-my-wrongful-death-claim-worth\">\u00bfCu\u00e1nto vale mi reclamaci\u00f3n por muerte por negligencia?<\/h2>\n\n<p>Cada caso es diferente, lo que significa que el valor total de su reclamaci\u00f3n por muerte por negligencia depender\u00e1 de los detalles espec\u00edficos de su <a title=\"Resultados de casos\" href=\"https:\/\/shebell.com\/case-results\/\">caso<\/a>. Por lo general, es posible que pueda obtener una indemnizaci\u00f3n por: <\/p>\n\n<ul class=\"wp-block-list\">\n<li>El dolor y el sufrimiento de su ser querido<\/li>\n\n\n\n<li>Los gastos m\u00e9dicos de su ser querido<\/li>\n\n\n\n<li>Costes del funeral y gastos de entierro<\/li>\n\n\n\n<li>Los ingresos previstos de su ser querido<\/li>\n\n\n\n<li>P\u00e9rdida de compa\u00f1\u00eda<\/li>\n\n\n\n<li>P\u00e9rdida de consorcio<\/li>\n\n\n\n<li>Da\u00f1os punitivos<\/li>\n<\/ul>\n\n<p>Si desea saber cu\u00e1nto podr\u00eda valer su reclamaci\u00f3n, p\u00f3ngase en contacto con nuestro bufete de inmediato. Nuestros abogados de Nueva Jersey especializados en muerte por negligencia pueden revisar los detalles de su caso y ver a qu\u00e9 indemnizaci\u00f3n podr\u00eda tener derecho. <\/p>\n\n<h2 class=\"wp-block-heading\" id=\"h-get-results-with-a-new-jersey-wrongful-death-amp-survivorship-attorney\">Obtenga resultados con un abogado de Nueva Jersey especializado en muerte por negligencia y acci\u00f3n de supervivencia<\/h2>\n\n<p>Es dif\u00edcil recuperarse de la p\u00e9rdida de un ser querido, pero cuando alguien a quien usted aprecia muere por negligencia, eso puede hacer las cosas a\u00fan m\u00e1s dif\u00edciles. Si su c\u00f3nyuge o uno de sus progenitores era la principal fuente de ingresos de su familia, el impacto econ\u00f3mico de su muerte il\u00edcita puede tener importantes repercusiones en su futuro. \u00bfC\u00f3mo va a llegar a fin de mes sin esa persona?  <\/p>\n\n<p>Aunque ninguna cantidad de dinero puede aliviar su dolor o devolverle a su ser querido, obtener una indemnizaci\u00f3n de la parte responsable puede ayudarle a encontrar cierre y tranquilidad. Deje que nuestros abogados de Nueva Jersey especializados en muerte por negligencia sean su voz en la b\u00fasqueda de justicia. <\/p>\n\n<p>Sabemos lo importante que es su caso para usted y su familia; por eso lucharemos para conseguirle la mayor indemnizaci\u00f3n posible. Descubra lo que un abogado con experiencia en muerte por negligencia en Nueva Jersey <a title=\"Nuestros abogados\" href=\"https:\/\/shebell.com\/our-attorneys\/\">abogado<\/a> puede hacer por usted. P\u00f3ngase en contacto con nosotros hoy mismo para su <a title=\"Consulta gratuita\" href=\"\/contact-us\/\">consulta gratuita y confidencial<\/a>.  <\/p>\n","protected":false},"excerpt":{"rendered":"<p>Nuestros abogados luchan para hacer justicia a las familias de Nueva Jersey Si su familia ha sufrido una tragedia inimaginable y ha experimentado la muerte de un ser querido por negligencia, un abogado de Nueva Jersey especializado en muerte por negligencia y acci\u00f3n de supervivencia puede hacer que la parte responsable responda por sus actos y luchar para que usted obtenga la m\u00e1xima indemnizaci\u00f3n por sus da\u00f1os. Shebell &amp; Shebell, LLC ha sido un firme defensor de sus clientes desde 1927 y sabe lo que se necesita para lograr un resultado favorable en su caso. Vea c\u00f3mo un abogado con experiencia en muerte por negligencia en Nueva Jersey puede ayudarle. P\u00f3ngase en contacto con nosotros hoy mismo para una consulta gratuita y confidencial. Nuestra oficina est\u00e1 convenientemente ubicada en Shrewsbury. En Shebell &amp; Shebell, nuestros abogados de lesiones personales comprenden lo devastador que puede ser la muerte il\u00edcita de alguien a quien usted quiere. Usted merece tiempo para hacer el duelo y lamentar la p\u00e9rdida de su ser querido, pero tambi\u00e9n es importante tomar medidas para garantizar que sus necesidades econ\u00f3micas est\u00e9n cubiertas no solo ahora, sino tambi\u00e9n en los a\u00f1os venideros. Lidiar con cuestiones legales complejas no es algo que deba esperarse de usted cuando alguien a quien quiere muere por negligencia; por eso le recomendamos encarecidamente que cuente con un abogado con experiencia en muerte por negligencia que sea su defensor y se encargue de todos los aspectos de su reclamaci\u00f3n. Nuestros abogados de Nueva Jersey especializados en muerte por negligencia y acci\u00f3n de supervivencia adoptar\u00e1n un enfoque firme para conseguirle la indemnizaci\u00f3n que merece, al tiempo que atienden sus necesidades y tratan su caso con dignidad y respeto durante todo el proceso. \u00bfQu\u00e9 es una reclamaci\u00f3n de supervivencia? Las reclamaciones de supervivencia las presenta la herencia del fallecido por el dolor y el sufrimiento que este padeci\u00f3 antes de morir, as\u00ed como por los gastos m\u00e9dicos y los salarios perdidos incurridos desde el momento de la lesi\u00f3n hasta el momento del fallecimiento. Estas reclamaciones son independientes de las reclamaciones por muerte por negligencia, que se centran en las p\u00e9rdidas sufridas por los familiares del fallecido. Nuestros abogados de Nueva Jersey especializados en muerte por negligencia y acci\u00f3n de supervivencia tienen experiencia en la tramitaci\u00f3n de ambos tipos de reclamaciones y trabajar\u00e1n diligentemente para obtener la indemnizaci\u00f3n que su familia merece. \u00bfQu\u00e9 es una reclamaci\u00f3n por muerte por negligencia? Los casos de muerte por negligencia se derivan del fallecimiento il\u00edcito de una persona por negligencia, a menudo en forma de accidentes evitables (p. ej., accidentes de coche, accidentes de cami\u00f3n, accidentes de motocicleta, negligencia m\u00e9dica, etc.). Puede que su ser querido haya fallecido en una residencia de ancianos, un centro de vida asistida o un hospital como consecuencia de abuso o negligencia. Tambi\u00e9n puede ser que alguien a quien quiere muriera en un accidente de coche mortal causado por un conductor ebrio o por alguien que enviaba mensajes mientras conduc\u00eda. O su familia puede haber sufrido la p\u00e9rdida catastr\u00f3fica de un reci\u00e9n nacido durante el parto o inmediatamente despu\u00e9s del nacimiento debido a una negligencia m\u00e9dica por parte de un m\u00e9dico. Sean cuales sean las circunstancias a las que se enfrente, p\u00f3ngase en contacto con nuestro bufete de inmediato para ver si podemos ayudarle. Nuestros abogados de Nueva Jersey especializados en muerte por negligencia pueden revisar los detalles de su caso, responder a sus preguntas y ayudarle a comprender sus opciones legales. \u00bfSe puede demandar a una prisi\u00f3n por muerte por negligencia? En general, si su ser querido estaba cumpliendo condena en prisi\u00f3n como recluso y sufri\u00f3 una muerte accidental por negligencia, abuso, desatenci\u00f3n o negligencia m\u00e9dica, es posible que pueda obtener una indemnizaci\u00f3n mediante una reclamaci\u00f3n por muerte por negligencia. Hay muchos aspectos a tener en cuenta al demandar a una prisi\u00f3n por muerte por negligencia, como si su ser querido estaba en la c\u00e1rcel o en prisi\u00f3n, si se trataba de una instituci\u00f3n p\u00fablica o privada y los detalles espec\u00edficos que rodean el fallecimiento de su ser querido. Los casos que implican la muerte il\u00edcita de un recluso que cumple condena en la c\u00e1rcel o en prisi\u00f3n son complejos y pueden ser dif\u00edciles de gestionar por su cuenta; por eso debe ponerse en contacto con nuestros abogados de Nueva Jersey especializados en muerte por negligencia lo antes posible para una consulta gratuita y confidencial. \u00bfCu\u00e1nto vale mi reclamaci\u00f3n por muerte por negligencia? Cada caso es diferente, lo que significa que el valor total de su reclamaci\u00f3n por muerte por negligencia depender\u00e1 de los detalles espec\u00edficos de su caso. Por lo general, es posible que pueda obtener una indemnizaci\u00f3n por: Si desea saber cu\u00e1nto podr\u00eda valer su reclamaci\u00f3n, p\u00f3ngase en contacto con nuestro bufete de inmediato. Nuestros abogados de Nueva Jersey especializados en muerte por negligencia pueden revisar los detalles de su caso y ver a qu\u00e9 indemnizaci\u00f3n podr\u00eda tener derecho. Obtenga resultados con un abogado de Nueva Jersey especializado en muerte por negligencia y acci\u00f3n de supervivencia Es dif\u00edcil recuperarse de la p\u00e9rdida de un ser querido, pero cuando alguien a quien usted aprecia muere por negligencia, eso puede hacer las cosas a\u00fan m\u00e1s dif\u00edciles. Si su c\u00f3nyuge o uno de sus progenitores era la principal fuente de ingresos de su familia, el impacto econ\u00f3mico de su muerte il\u00edcita puede tener importantes repercusiones en su futuro. \u00bfC\u00f3mo va a llegar a fin de mes sin esa persona? Aunque ninguna cantidad de dinero puede aliviar su dolor o devolverle a su ser querido, obtener una indemnizaci\u00f3n de la parte responsable puede ayudarle a encontrar cierre y tranquilidad. Deje que nuestros abogados de Nueva Jersey especializados en muerte por negligencia sean su voz en la b\u00fasqueda de justicia. Sabemos lo importante que es su caso para usted y su familia; por eso lucharemos para conseguirle la mayor indemnizaci\u00f3n posible. Descubra lo que un abogado con experiencia en muerte por negligencia en Nueva Jersey abogado puede hacer por usted. P\u00f3ngase en contacto con nosotros hoy mismo para su &hellip;<\/p>\n","protected":false},"author":5,"featured_media":3556,"parent":0,"menu_order":7,"comment_status":"closed","ping_status":"closed","template":"","meta":{"_genesis_block_theme_hide_title":false,"footnotes":""},"class_list":["post-3628","page","type-page","status-publish","has-post-thumbnail","hentry","post","with-featured-image"],"yoast_head":"<!-- This site is optimized with the Yoast SEO Premium plugin v27.2 (Yoast SEO v27.2) - https:\/\/yoast.com\/product\/yoast-seo-premium-wordpress\/ -->\n<title>Abogados de muerte por negligencia en Nueva Jersey | Shebell &amp; Shebell<\/title>\n<meta name=\"description\" content=\"\u00bfMuerte por negligencia en Nueva Jersey? Los abogados con experiencia de Shebell &amp; Shebell se dedican a lograr justicia y una indemnizaci\u00f3n por su p\u00e9rdida. P\u00f3ngase en contacto para una consulta.\" \/>\n<meta name=\"robots\" content=\"index, follow, max-snippet:-1, max-image-preview:large, max-video-preview:-1\" \/>\n<link rel=\"canonical\" href=\"https:\/\/shebell.com\/es\/muerte-por-negligencia-y-accion-de-supervivencia\/\" \/>\n<meta property=\"og:locale\" content=\"es_ES\" \/>\n<meta property=\"og:type\" content=\"article\" \/>\n<meta property=\"og:title\" content=\"Muerte por negligencia y acci\u00f3n de supervivencia\" \/>\n<meta property=\"og:description\" content=\"\u00bfMuerte por negligencia en Nueva Jersey? Los abogados con experiencia de Shebell &amp; Shebell se dedican a lograr justicia y una indemnizaci\u00f3n por su p\u00e9rdida. P\u00f3ngase en contacto para una consulta.\" \/>\n<meta property=\"og:url\" content=\"https:\/\/shebell.com\/es\/muerte-por-negligencia-y-accion-de-supervivencia\/\" \/>\n<meta property=\"og:site_name\" content=\"Shebell &amp; Shebell Injury Lawyers\" \/>\n<meta property=\"article:publisher\" content=\"https:\/\/www.facebook.com\/shebellandshebell\" \/>\n<meta property=\"article:modified_time\" content=\"2026-03-24T14:50:28+00:00\" \/>\n<meta property=\"og:image\" content=\"https:\/\/shebell.com\/wp-content\/uploads\/2024\/03\/StockCake-Justice-Scale-Balcony_1711857269-e1764709016299.jpg\" \/>\n\t<meta property=\"og:image:width\" content=\"813\" \/>\n\t<meta property=\"og:image:height\" content=\"612\" \/>\n\t<meta property=\"og:image:type\" content=\"image\/jpeg\" \/>\n<meta name=\"twitter:card\" content=\"summary_large_image\" \/>\n<meta name=\"twitter:label1\" content=\"Tiempo de lectura\" \/>\n\t<meta name=\"twitter:data1\" content=\"6 minutos\" \/>\n<script type=\"application\/ld+json\" class=\"yoast-schema-graph\">{\"@context\":\"https:\/\/schema.org\",\"@graph\":[{\"@type\":\"WebPage\",\"@id\":\"https:\/\/shebell.com\/es\/muerte-por-negligencia-y-accion-de-supervivencia\/\",\"url\":\"https:\/\/shebell.com\/es\/muerte-por-negligencia-y-accion-de-supervivencia\/\",\"name\":\"Abogados de muerte por negligencia en Nueva Jersey | Shebell & Shebell\",\"isPartOf\":{\"@id\":\"https:\/\/shebell.com\/es\/#website\"},\"primaryImageOfPage\":{\"@id\":\"https:\/\/shebell.com\/es\/muerte-por-negligencia-y-accion-de-supervivencia\/#primaryimage\"},\"image\":{\"@id\":\"https:\/\/shebell.com\/es\/muerte-por-negligencia-y-accion-de-supervivencia\/#primaryimage\"},\"thumbnailUrl\":\"https:\/\/shebell.com\/wp-content\/uploads\/2024\/03\/StockCake-Justice-Scale-Balcony_1711857269-e1764709016299.jpg\",\"datePublished\":\"2024-03-12T22:28:31+00:00\",\"dateModified\":\"2026-03-24T14:50:28+00:00\",\"description\":\"\u00bfMuerte por negligencia en Nueva Jersey? Los abogados con experiencia de Shebell & Shebell se dedican a lograr justicia y una indemnizaci\u00f3n por su p\u00e9rdida. P\u00f3ngase en contacto para una consulta.\",\"breadcrumb\":{\"@id\":\"https:\/\/shebell.com\/es\/muerte-por-negligencia-y-accion-de-supervivencia\/#breadcrumb\"},\"inLanguage\":\"es\",\"potentialAction\":[{\"@type\":\"ReadAction\",\"target\":[\"https:\/\/shebell.com\/es\/muerte-por-negligencia-y-accion-de-supervivencia\/\"]}]},{\"@type\":\"ImageObject\",\"inLanguage\":\"es\",\"@id\":\"https:\/\/shebell.com\/es\/muerte-por-negligencia-y-accion-de-supervivencia\/#primaryimage\",\"url\":\"https:\/\/shebell.com\/wp-content\/uploads\/2024\/03\/StockCake-Justice-Scale-Balcony_1711857269-e1764709016299.jpg\",\"contentUrl\":\"https:\/\/shebell.com\/wp-content\/uploads\/2024\/03\/StockCake-Justice-Scale-Balcony_1711857269-e1764709016299.jpg\",\"width\":813,\"height\":612,\"caption\":\"Demanda por muerte por negligencia\"},{\"@type\":\"BreadcrumbList\",\"@id\":\"https:\/\/shebell.com\/es\/muerte-por-negligencia-y-accion-de-supervivencia\/#breadcrumb\",\"itemListElement\":[{\"@type\":\"ListItem\",\"position\":1,\"name\":\"Home\",\"item\":\"https:\/\/shebell.com\/es\/inicio\/\"},{\"@type\":\"ListItem\",\"position\":2,\"name\":\"Muerte por negligencia y acci\u00f3n de supervivencia\"}]},{\"@type\":\"WebSite\",\"@id\":\"https:\/\/shebell.com\/es\/#website\",\"url\":\"https:\/\/shebell.com\/es\/\",\"name\":\"Shebell & Shebell Injury Lawyers\",\"description\":\"New Jersey Workers&#039; Compensation Lawyers &amp; Injury Attorneys\",\"publisher\":{\"@id\":\"https:\/\/shebell.com\/es\/#organization\"},\"potentialAction\":[{\"@type\":\"SearchAction\",\"target\":{\"@type\":\"EntryPoint\",\"urlTemplate\":\"https:\/\/shebell.com\/es\/?s={search_term_string}\"},\"query-input\":{\"@type\":\"PropertyValueSpecification\",\"valueRequired\":true,\"valueName\":\"search_term_string\"}}],\"inLanguage\":\"es\"},{\"@type\":\"Organization\",\"@id\":\"https:\/\/shebell.com\/es\/#organization\",\"name\":\"Shebell & Shebell Injury Lawyers\",\"url\":\"https:\/\/shebell.com\/es\/\",\"logo\":{\"@type\":\"ImageObject\",\"inLanguage\":\"es\",\"@id\":\"https:\/\/shebell.com\/es\/#\/schema\/logo\/image\/\",\"url\":\"https:\/\/shebell.com\/wp-content\/uploads\/2025\/10\/ShebellLogo11.png\",\"contentUrl\":\"https:\/\/shebell.com\/wp-content\/uploads\/2025\/10\/ShebellLogo11.png\",\"width\":1080,\"height\":252,\"caption\":\"Shebell & Shebell Injury Lawyers\"},\"image\":{\"@id\":\"https:\/\/shebell.com\/es\/#\/schema\/logo\/image\/\"},\"sameAs\":[\"https:\/\/www.facebook.com\/shebellandshebell\"]}]}<\/script>\n<!-- \/ Yoast SEO Premium plugin. -->","yoast_head_json":{"title":"Abogados de muerte por negligencia en Nueva Jersey | Shebell & Shebell","description":"\u00bfMuerte por negligencia en Nueva Jersey? Los abogados con experiencia de Shebell & Shebell se dedican a lograr justicia y una indemnizaci\u00f3n por su p\u00e9rdida. P\u00f3ngase en contacto para una consulta.","robots":{"index":"index","follow":"follow","max-snippet":"max-snippet:-1","max-image-preview":"max-image-preview:large","max-video-preview":"max-video-preview:-1"},"canonical":"https:\/\/shebell.com\/es\/muerte-por-negligencia-y-accion-de-supervivencia\/","og_locale":"es_ES","og_type":"article","og_title":"Muerte por negligencia y acci\u00f3n de supervivencia","og_description":"\u00bfMuerte por negligencia en Nueva Jersey? Los abogados con experiencia de Shebell & Shebell se dedican a lograr justicia y una indemnizaci\u00f3n por su p\u00e9rdida. P\u00f3ngase en contacto para una consulta.","og_url":"https:\/\/shebell.com\/es\/muerte-por-negligencia-y-accion-de-supervivencia\/","og_site_name":"Shebell &amp; Shebell Injury Lawyers","article_publisher":"https:\/\/www.facebook.com\/shebellandshebell","article_modified_time":"2026-03-24T14:50:28+00:00","og_image":[{"width":813,"height":612,"url":"https:\/\/shebell.com\/wp-content\/uploads\/2024\/03\/StockCake-Justice-Scale-Balcony_1711857269-e1764709016299.jpg","type":"image\/jpeg"}],"twitter_card":"summary_large_image","twitter_misc":{"Tiempo de lectura":"6 minutos"},"schema":{"@context":"https:\/\/schema.org","@graph":[{"@type":"WebPage","@id":"https:\/\/shebell.com\/es\/muerte-por-negligencia-y-accion-de-supervivencia\/","url":"https:\/\/shebell.com\/es\/muerte-por-negligencia-y-accion-de-supervivencia\/","name":"Abogados de muerte por negligencia en Nueva Jersey | Shebell & Shebell","isPartOf":{"@id":"https:\/\/shebell.com\/es\/#website"},"primaryImageOfPage":{"@id":"https:\/\/shebell.com\/es\/muerte-por-negligencia-y-accion-de-supervivencia\/#primaryimage"},"image":{"@id":"https:\/\/shebell.com\/es\/muerte-por-negligencia-y-accion-de-supervivencia\/#primaryimage"},"thumbnailUrl":"https:\/\/shebell.com\/wp-content\/uploads\/2024\/03\/StockCake-Justice-Scale-Balcony_1711857269-e1764709016299.jpg","datePublished":"2024-03-12T22:28:31+00:00","dateModified":"2026-03-24T14:50:28+00:00","description":"\u00bfMuerte por negligencia en Nueva Jersey? Los abogados con experiencia de Shebell & Shebell se dedican a lograr justicia y una indemnizaci\u00f3n por su p\u00e9rdida. P\u00f3ngase en contacto para una consulta.","breadcrumb":{"@id":"https:\/\/shebell.com\/es\/muerte-por-negligencia-y-accion-de-supervivencia\/#breadcrumb"},"inLanguage":"es","potentialAction":[{"@type":"ReadAction","target":["https:\/\/shebell.com\/es\/muerte-por-negligencia-y-accion-de-supervivencia\/"]}]},{"@type":"ImageObject","inLanguage":"es","@id":"https:\/\/shebell.com\/es\/muerte-por-negligencia-y-accion-de-supervivencia\/#primaryimage","url":"https:\/\/shebell.com\/wp-content\/uploads\/2024\/03\/StockCake-Justice-Scale-Balcony_1711857269-e1764709016299.jpg","contentUrl":"https:\/\/shebell.com\/wp-content\/uploads\/2024\/03\/StockCake-Justice-Scale-Balcony_1711857269-e1764709016299.jpg","width":813,"height":612,"caption":"Demanda por muerte por negligencia"},{"@type":"BreadcrumbList","@id":"https:\/\/shebell.com\/es\/muerte-por-negligencia-y-accion-de-supervivencia\/#breadcrumb","itemListElement":[{"@type":"ListItem","position":1,"name":"Home","item":"https:\/\/shebell.com\/es\/inicio\/"},{"@type":"ListItem","position":2,"name":"Muerte por negligencia y acci\u00f3n de supervivencia"}]},{"@type":"WebSite","@id":"https:\/\/shebell.com\/es\/#website","url":"https:\/\/shebell.com\/es\/","name":"Shebell & Shebell Injury Lawyers","description":"New Jersey Workers&#039; Compensation Lawyers &amp; Injury Attorneys","publisher":{"@id":"https:\/\/shebell.com\/es\/#organization"},"potentialAction":[{"@type":"SearchAction","target":{"@type":"EntryPoint","urlTemplate":"https:\/\/shebell.com\/es\/?s={search_term_string}"},"query-input":{"@type":"PropertyValueSpecification","valueRequired":true,"valueName":"search_term_string"}}],"inLanguage":"es"},{"@type":"Organization","@id":"https:\/\/shebell.com\/es\/#organization","name":"Shebell & Shebell Injury Lawyers","url":"https:\/\/shebell.com\/es\/","logo":{"@type":"ImageObject","inLanguage":"es","@id":"https:\/\/shebell.com\/es\/#\/schema\/logo\/image\/","url":"https:\/\/shebell.com\/wp-content\/uploads\/2025\/10\/ShebellLogo11.png","contentUrl":"https:\/\/shebell.com\/wp-content\/uploads\/2025\/10\/ShebellLogo11.png","width":1080,"height":252,"caption":"Shebell & Shebell Injury Lawyers"},"image":{"@id":"https:\/\/shebell.com\/es\/#\/schema\/logo\/image\/"},"sameAs":["https:\/\/www.facebook.com\/shebellandshebell"]}]}},"featured_image_src":"https:\/\/shebell.com\/wp-content\/uploads\/2024\/03\/StockCake-Justice-Scale-Balcony_1711857269-e1764709016299-600x400.jpg","featured_image_src_square":"https:\/\/shebell.com\/wp-content\/uploads\/2024\/03\/StockCake-Justice-Scale-Balcony_1711857269-e1764709016299-600x600.jpg","_links":{"self":[{"href":"https:\/\/shebell.com\/es\/wp-json\/wp\/v2\/pages\/3628","targetHints":{"allow":["GET"]}}],"collection":[{"href":"https:\/\/shebell.com\/es\/wp-json\/wp\/v2\/pages"}],"about":[{"href":"https:\/\/shebell.com\/es\/wp-json\/wp\/v2\/types\/page"}],"author":[{"embeddable":true,"href":"https:\/\/shebell.com\/es\/wp-json\/wp\/v2\/users\/5"}],"replies":[{"embeddable":true,"href":"https:\/\/shebell.com\/es\/wp-json\/wp\/v2\/comments?post=3628"}],"version-history":[{"count":0,"href":"https:\/\/shebell.com\/es\/wp-json\/wp\/v2\/pages\/3628\/revisions"}],"wp:featuredmedia":[{"embeddable":true,"href":"https:\/\/shebell.com\/es\/wp-json\/wp\/v2\/media\/3556"}],"wp:attachment":[{"href":"https:\/\/shebell.com\/es\/wp-json\/wp\/v2\/media?parent=3628"}],"curies":[{"name":"wp","href":"https:\/\/api.w.org\/{rel}","templated":true}]}}