{"id":3612,"date":"2024-03-22T11:35:39","date_gmt":"2024-03-22T11:35:39","guid":{"rendered":"https:\/\/shebell.com\/abogado-de-mordeduras-de-perro-en-nueva-jersey\/"},"modified":"2026-03-24T14:50:00","modified_gmt":"2026-03-24T14:50:00","slug":"abogado-de-mordeduras-de-perro-en-nueva-jersey","status":"publish","type":"page","link":"https:\/\/shebell.com\/es\/lesiones-personales\/abogado-de-mordeduras-de-perro-en-nueva-jersey\/","title":{"rendered":"Abogado de mordeduras de perro en Nueva Jersey"},"content":{"rendered":"\n<h2 class=\"wp-block-heading\" id=\"h-call-the-attorneys-who-know-how-to-get-results-in-new-jersey\">Llame a los abogados que saben c\u00f3mo obtener resultados en Nueva Jersey<\/h2>\n\n<p>Ser atacado por un perro es una experiencia aterradora que puede dejarle gravemente herido. Los propietarios de perros son responsables de controlar a sus mascotas. Cuando su negligencia provoca lesiones, deben rendir cuentas. Los abogados de lesiones personales de <a title=\"Shebell &amp; Shebell, LLC\" href=\"https:\/\/shebell.com\/es\/\"><strong>Shebell &amp; Shebell, LLC<\/strong><\/a> pueden ayudarle a recuperar la indemnizaci\u00f3n econ\u00f3mica que merece. Nuestra oficina est\u00e1 ubicada en Shrewsbury.    <\/p>\n\n<p>Los perros tienen mand\u00edbulas poderosas y sus mordeduras pueden causar lesiones muy graves. Entre ellas se incluyen laceraciones, heridas punzantes, <a href=\"https:\/\/shebell.com\/workers-compensation\/new-jersey-broken-bones-lawyer\/\"><strong>fracturas \u00f3seas<\/strong><\/a>, lesiones oculares, lesiones faciales y lesiones en la cabeza y el cuello. Las heridas pueden infectarse y las v\u00edctimas pueden quedar con cicatrices. Las mordeduras graves tambi\u00e9n pueden provocar desgarros musculares y da\u00f1os en los nervios.   <\/p>\n\n<p>Un <strong>ataque de perro<\/strong> puede tener un impacto significativo en las v\u00edctimas. Adem\u00e1s de las lesiones f\u00edsicas, pueden sufrir efectos emocionales y psicol\u00f3gicos. Tambi\u00e9n se ven afectadas econ\u00f3micamente. Los gastos m\u00e9dicos del tratamiento pueden volverse abrumadores r\u00e1pidamente. Algunas v\u00edctimas se ven obligadas a faltar al trabajo y sufren una p\u00e9rdida de ingresos.    <\/p>\n\n<hr class=\"wp-block-separator has-alpha-channel-opacity\"\/>\n\n<figure class=\"wp-block-pullquote\"><blockquote><p>Conf\u00ede en el bufete y conf\u00ede en el proceso. El bufete mantuvo el seguimiento a trav\u00e9s de una gran cantidad de giros y vueltas, manteni\u00e9ndose profesional y servicial en todo momento. <\/p><cite><a href=\"https:\/\/maps.app.goo.gl\/Z6GjZ5mD4RkhcXmr5\">Rese\u00f1a de Google<\/a><\/cite><\/blockquote><\/figure>\n\n<hr class=\"wp-block-separator has-alpha-channel-opacity\"\/>\n\n<h2 class=\"wp-block-heading\" id=\"h-our-lawyers-fight-the-insurance-companies-on-your-behalf\">Nuestros abogados luchan contra las compa\u00f1\u00edas de seguros en su nombre<\/h2>\n\n<figure class=\"wp-block-image size-large\"><img decoding=\"async\" src=\"https:\/\/shebell.com\/wp-content\/uploads\/2025\/09\/shutterstock_2056444919-1-1024x576.jpg\" alt=\"Abogado revisando documentos legales en el escritorio de la sala del tribunal durante los procedimientos del juicio\" class=\"wp-image-2258\" title=\"Abogado revisando documentos legales en el escritorio de la sala del tribunal durante los procedimientos del juicio\"\/><\/figure>\n\n<p>Recuperar una indemnizaci\u00f3n econ\u00f3mica despu\u00e9s de un ataque de perro puede ser dif\u00edcil<strong>.<\/strong> Puede ser complicado localizar al propietario del perro. Los propietarios a menudo no aceptan la responsabilidad del ataque y pueden negar que fuera su perro el que le atac\u00f3. Las compa\u00f1\u00edas de seguros tampoco ayudan mucho: pueden impugnar su <strong><a href=\"https:\/\/shebell.com\/personal-injury\/new-jersey-personal-injury-claim-process\/\">reclamaci\u00f3n por lesiones personales<\/a><\/strong> para intentar pagarle lo menos posible.  <\/p>\n\n<p>Los casos de ataques de perros pueden ser complicados. Por eso necesita un <a href=\"https:\/\/shebell.com\/new-jersey-premises-liability-lawyer\/\"><strong>abogado de responsabilidad de locales<\/strong><\/a> experimentado de su lado. Hemos estado ayudando a los lesionados en todo Nueva Jersey desde que nuestro bufete fue fundado en 1927. Nuestros abogados saben c\u00f3mo luchar contra las compa\u00f1\u00edas de seguros y hacer que los propietarios de perros negligentes rindan cuentas.   <\/p>\n\n<p>Investigamos para averiguar qu\u00e9 sucedi\u00f3 realmente. Nuestro equipo legal recopila pruebas y documentaci\u00f3n, como informes policiales y registros m\u00e9dicos. Identificamos a los testigos del ataque y los entrevistamos sobre lo que vieron. Si es necesario, consultamos con expertos que pueden ayudarnos a comprender lo que ocurri\u00f3.   <\/p>\n\n<h2 class=\"wp-block-heading has-text-align-center\" id=\"h-our-case-results\">Nuestros resultados de casos<\/h2>\n\n<h2 class=\"wp-block-heading\" id=\"h-helping-you-recover-the-compensation-you-deserve\">Ayud\u00e1ndole a recuperar la indemnizaci\u00f3n que merece<\/h2>\n\n<figure class=\"wp-block-image size-large\"><img decoding=\"async\" src=\"https:\/\/shebell.com\/wp-content\/uploads\/2025\/09\/shutterstock_2227235447-1-1024x683.jpg\" alt=\"Abogado y cliente estrech&#xE1;ndose la mano sobre documentos legales en la oficina\" class=\"wp-image-2204\" title=\"Abogado y cliente estrech&#xE1;ndose la mano sobre documentos legales en la oficina\"\/><\/figure>\n\n<p>Nuestros abogados saben c\u00f3mo construir casos s\u00f3lidos que obligan a la compa\u00f1\u00eda de seguros a tomarle en serio. Cuando las compa\u00f1\u00edas de seguros ven que podemos probar la responsabilidad y estamos preparados para llevarlas a los tribunales, a menudo aceptan hablar sobre la resoluci\u00f3n de su caso. Solo nos interesa una resoluci\u00f3n de su caso que satisfaga sus necesidades.  <\/p>\n\n<p>Buscamos una indemnizaci\u00f3n por todos los da\u00f1os que ha sufrido en el ataque. Esto incluye una indemnizaci\u00f3n por todos los gastos m\u00e9dicos relacionados con sus lesiones, tanto ahora como en el futuro. Incluye una indemnizaci\u00f3n por los salarios perdidos si no pudo trabajar. Puede incluir una indemnizaci\u00f3n por otros da\u00f1os, como el dolor y el sufrimiento.   <\/p>\n\n<p>Si result\u00f3 lesionado en un ataque de perro, es importante obtener asesoramiento legal lo antes posible. Seg\u00fan la ley de Nueva Jersey, tiene dos a\u00f1os desde la fecha del ataque para emprender acciones legales. Eso parece mucho tiempo, pero es importante comenzar a investigar tan pronto como podamos, antes de que se pierdan o destruyan las pruebas y antes de que los recuerdos de los testigos comiencen a desvanecerse.  <\/p>\n\n<p>Obtenga m\u00e1s informaci\u00f3n sobre c\u00f3mo podemos ayudarle. <a href=\"https:\/\/shebell.com\/contact-us\/\" rel=\"nofollow\"><strong>Cont\u00e1ctenos<\/strong><\/a> para programar una consulta gratuita con uno de nuestros <a href=\"https:\/\/shebell.com\/new-jersey-personal-injury-lawyers\/\"><strong>abogados de lesiones personales de Nueva Jersey<\/strong><\/a>. Podemos revisar los detalles de su caso, repasar sus opciones legales y responder a cualquier pregunta que tenga. Nuestra oficina est\u00e1 ubicada en Shrewsbury.  <\/p>\n\n<h2 class=\"wp-block-heading has-text-align-center\" id=\"h-hear-from-our-clients\">Escuche a nuestros clientes<\/h2>\n","protected":false},"excerpt":{"rendered":"<p>Llame a los abogados que saben c\u00f3mo obtener resultados en Nueva Jersey Ser atacado por un perro es una experiencia aterradora que puede dejarle gravemente herido. Los propietarios de perros son responsables de controlar a sus mascotas. Cuando su negligencia provoca lesiones, deben rendir cuentas. Los abogados de lesiones personales de Shebell &amp; Shebell, LLC pueden ayudarle a recuperar la indemnizaci\u00f3n econ\u00f3mica que merece. Nuestra oficina est\u00e1 ubicada en Shrewsbury. Los perros tienen mand\u00edbulas poderosas y sus mordeduras pueden causar lesiones muy graves. Entre ellas se incluyen laceraciones, heridas punzantes, fracturas \u00f3seas, lesiones oculares, lesiones faciales y lesiones en la cabeza y el cuello. Las heridas pueden infectarse y las v\u00edctimas pueden quedar con cicatrices. Las mordeduras graves tambi\u00e9n pueden provocar desgarros musculares y da\u00f1os en los nervios. Un ataque de perro puede tener un impacto significativo en las v\u00edctimas. Adem\u00e1s de las lesiones f\u00edsicas, pueden sufrir efectos emocionales y psicol\u00f3gicos. Tambi\u00e9n se ven afectadas econ\u00f3micamente. Los gastos m\u00e9dicos del tratamiento pueden volverse abrumadores r\u00e1pidamente. Algunas v\u00edctimas se ven obligadas a faltar al trabajo y sufren una p\u00e9rdida de ingresos. Conf\u00ede en el bufete y conf\u00ede en el proceso. El bufete mantuvo el seguimiento a trav\u00e9s de una gran cantidad de giros y vueltas, manteni\u00e9ndose profesional y servicial en todo momento. Rese\u00f1a de Google Nuestros abogados luchan contra las compa\u00f1\u00edas de seguros en su nombre Recuperar una indemnizaci\u00f3n econ\u00f3mica despu\u00e9s de un ataque de perro puede ser dif\u00edcil. Puede ser complicado localizar al propietario del perro. Los propietarios a menudo no aceptan la responsabilidad del ataque y pueden negar que fuera su perro el que le atac\u00f3. Las compa\u00f1\u00edas de seguros tampoco ayudan mucho: pueden impugnar su reclamaci\u00f3n por lesiones personales para intentar pagarle lo menos posible. Los casos de ataques de perros pueden ser complicados. Por eso necesita un abogado de responsabilidad de locales experimentado de su lado. Hemos estado ayudando a los lesionados en todo Nueva Jersey desde que nuestro bufete fue fundado en 1927. Nuestros abogados saben c\u00f3mo luchar contra las compa\u00f1\u00edas de seguros y hacer que los propietarios de perros negligentes rindan cuentas. Investigamos para averiguar qu\u00e9 sucedi\u00f3 realmente. Nuestro equipo legal recopila pruebas y documentaci\u00f3n, como informes policiales y registros m\u00e9dicos. Identificamos a los testigos del ataque y los entrevistamos sobre lo que vieron. Si es necesario, consultamos con expertos que pueden ayudarnos a comprender lo que ocurri\u00f3. Nuestros resultados de casos Ayud\u00e1ndole a recuperar la indemnizaci\u00f3n que merece Nuestros abogados saben c\u00f3mo construir casos s\u00f3lidos que obligan a la compa\u00f1\u00eda de seguros a tomarle en serio. Cuando las compa\u00f1\u00edas de seguros ven que podemos probar la responsabilidad y estamos preparados para llevarlas a los tribunales, a menudo aceptan hablar sobre la resoluci\u00f3n de su caso. Solo nos interesa una resoluci\u00f3n de su caso que satisfaga sus necesidades. Buscamos una indemnizaci\u00f3n por todos los da\u00f1os que ha sufrido en el ataque. Esto incluye una indemnizaci\u00f3n por todos los gastos m\u00e9dicos relacionados con sus lesiones, tanto ahora como en el futuro. Incluye una indemnizaci\u00f3n por los salarios perdidos si no pudo trabajar. Puede incluir una indemnizaci\u00f3n por otros da\u00f1os, como el dolor y el sufrimiento. Si result\u00f3 lesionado en un ataque de perro, es importante obtener asesoramiento legal lo antes posible. Seg\u00fan la ley de Nueva Jersey, tiene dos a\u00f1os desde la fecha del ataque para emprender acciones legales. Eso parece mucho tiempo, pero es importante comenzar a investigar tan pronto como podamos, antes de que se pierdan o destruyan las pruebas y antes de que los recuerdos de los testigos comiencen a desvanecerse. Obtenga m\u00e1s informaci\u00f3n sobre c\u00f3mo podemos ayudarle. Cont\u00e1ctenos para programar una consulta gratuita con uno de nuestros abogados de lesiones personales de Nueva Jersey. Podemos revisar los detalles de su caso, repasar sus opciones legales y responder a cualquier pregunta que tenga. Nuestra oficina est\u00e1 ubicada en Shrewsbury. Escuche a nuestros clientes<\/p>\n","protected":false},"author":5,"featured_media":3613,"parent":3617,"menu_order":0,"comment_status":"closed","ping_status":"closed","template":"","meta":{"_genesis_block_theme_hide_title":false,"footnotes":""},"class_list":["post-3612","page","type-page","status-publish","has-post-thumbnail","hentry","post","with-featured-image"],"yoast_head":"<!-- This site is optimized with the Yoast SEO Premium plugin v27.2 (Yoast SEO v27.2) - https:\/\/yoast.com\/product\/yoast-seo-premium-wordpress\/ -->\n<title>Abogados de ataques de perros en Freehold, NJ | Shebell &amp; Shebell<\/title>\n<meta name=\"description\" content=\"\u00bfLe ha mordido un perro en Freehold, NJ? Los abogados de Shebell &amp; Shebell est\u00e1n aqu\u00ed para ayudarle a reclamar una indemnizaci\u00f3n por sus lesiones. Llame ahora para una consulta gratuita.\" \/>\n<meta name=\"robots\" content=\"index, follow, max-snippet:-1, max-image-preview:large, max-video-preview:-1\" \/>\n<link rel=\"canonical\" href=\"https:\/\/shebell.com\/es\/lesiones-personales\/abogado-de-mordeduras-de-perro-en-nueva-jersey\/\" \/>\n<meta property=\"og:locale\" content=\"es_ES\" \/>\n<meta property=\"og:type\" content=\"article\" \/>\n<meta property=\"og:title\" content=\"Abogado de mordeduras de perro en Nueva Jersey\" \/>\n<meta property=\"og:description\" content=\"\u00bfLe ha mordido un perro en Freehold, NJ? Los abogados de Shebell &amp; Shebell est\u00e1n aqu\u00ed para ayudarle a reclamar una indemnizaci\u00f3n por sus lesiones. Llame ahora para una consulta gratuita.\" \/>\n<meta property=\"og:url\" content=\"https:\/\/shebell.com\/es\/lesiones-personales\/abogado-de-mordeduras-de-perro-en-nueva-jersey\/\" \/>\n<meta property=\"og:site_name\" content=\"Shebell &amp; Shebell Injury Lawyers\" \/>\n<meta property=\"article:publisher\" content=\"https:\/\/www.facebook.com\/shebellandshebell\" \/>\n<meta property=\"article:modified_time\" content=\"2026-03-24T14:50:00+00:00\" \/>\n<meta property=\"og:image\" content=\"https:\/\/shebell.com\/wp-content\/uploads\/2024\/03\/Depositphotos_3027115_XL-scaled-1.jpg\" \/>\n\t<meta property=\"og:image:width\" content=\"2560\" \/>\n\t<meta property=\"og:image:height\" content=\"1703\" \/>\n\t<meta property=\"og:image:type\" content=\"image\/jpeg\" \/>\n<meta name=\"twitter:card\" content=\"summary_large_image\" \/>\n<meta name=\"twitter:label1\" content=\"Tiempo de lectura\" \/>\n\t<meta name=\"twitter:data1\" content=\"3 minutos\" \/>\n<script type=\"application\/ld+json\" class=\"yoast-schema-graph\">{\"@context\":\"https:\/\/schema.org\",\"@graph\":[{\"@type\":\"WebPage\",\"@id\":\"https:\/\/shebell.com\/es\/lesiones-personales\/abogado-de-mordeduras-de-perro-en-nueva-jersey\/\",\"url\":\"https:\/\/shebell.com\/es\/lesiones-personales\/abogado-de-mordeduras-de-perro-en-nueva-jersey\/\",\"name\":\"Abogados de ataques de perros en Freehold, NJ | Shebell & Shebell\",\"isPartOf\":{\"@id\":\"https:\/\/shebell.com\/es\/#website\"},\"primaryImageOfPage\":{\"@id\":\"https:\/\/shebell.com\/es\/lesiones-personales\/abogado-de-mordeduras-de-perro-en-nueva-jersey\/#primaryimage\"},\"image\":{\"@id\":\"https:\/\/shebell.com\/es\/lesiones-personales\/abogado-de-mordeduras-de-perro-en-nueva-jersey\/#primaryimage\"},\"thumbnailUrl\":\"https:\/\/shebell.com\/wp-content\/uploads\/2024\/03\/Depositphotos_3027115_XL-scaled-1.jpg\",\"datePublished\":\"2024-03-22T11:35:39+00:00\",\"dateModified\":\"2026-03-24T14:50:00+00:00\",\"description\":\"\u00bfLe ha mordido un perro en Freehold, NJ? Los abogados de Shebell & Shebell est\u00e1n aqu\u00ed para ayudarle a reclamar una indemnizaci\u00f3n por sus lesiones. Llame ahora para una consulta gratuita.\",\"breadcrumb\":{\"@id\":\"https:\/\/shebell.com\/es\/lesiones-personales\/abogado-de-mordeduras-de-perro-en-nueva-jersey\/#breadcrumb\"},\"inLanguage\":\"es\",\"potentialAction\":[{\"@type\":\"ReadAction\",\"target\":[\"https:\/\/shebell.com\/es\/lesiones-personales\/abogado-de-mordeduras-de-perro-en-nueva-jersey\/\"]}]},{\"@type\":\"ImageObject\",\"inLanguage\":\"es\",\"@id\":\"https:\/\/shebell.com\/es\/lesiones-personales\/abogado-de-mordeduras-de-perro-en-nueva-jersey\/#primaryimage\",\"url\":\"https:\/\/shebell.com\/wp-content\/uploads\/2024\/03\/Depositphotos_3027115_XL-scaled-1.jpg\",\"contentUrl\":\"https:\/\/shebell.com\/wp-content\/uploads\/2024\/03\/Depositphotos_3027115_XL-scaled-1.jpg\",\"width\":2560,\"height\":1703},{\"@type\":\"BreadcrumbList\",\"@id\":\"https:\/\/shebell.com\/es\/lesiones-personales\/abogado-de-mordeduras-de-perro-en-nueva-jersey\/#breadcrumb\",\"itemListElement\":[{\"@type\":\"ListItem\",\"position\":1,\"name\":\"Home\",\"item\":\"https:\/\/shebell.com\/es\/inicio\/\"},{\"@type\":\"ListItem\",\"position\":2,\"name\":\"Lesiones Personales\",\"item\":\"https:\/\/shebell.com\/es\/lesiones-personales\/\"},{\"@type\":\"ListItem\",\"position\":3,\"name\":\"Abogado de mordeduras de perro en Nueva Jersey\"}]},{\"@type\":\"WebSite\",\"@id\":\"https:\/\/shebell.com\/es\/#website\",\"url\":\"https:\/\/shebell.com\/es\/\",\"name\":\"Shebell & Shebell Injury Lawyers\",\"description\":\"New Jersey Workers&#039; Compensation Lawyers &amp; Injury Attorneys\",\"publisher\":{\"@id\":\"https:\/\/shebell.com\/es\/#organization\"},\"potentialAction\":[{\"@type\":\"SearchAction\",\"target\":{\"@type\":\"EntryPoint\",\"urlTemplate\":\"https:\/\/shebell.com\/es\/?s={search_term_string}\"},\"query-input\":{\"@type\":\"PropertyValueSpecification\",\"valueRequired\":true,\"valueName\":\"search_term_string\"}}],\"inLanguage\":\"es\"},{\"@type\":\"Organization\",\"@id\":\"https:\/\/shebell.com\/es\/#organization\",\"name\":\"Shebell & Shebell Injury Lawyers\",\"url\":\"https:\/\/shebell.com\/es\/\",\"logo\":{\"@type\":\"ImageObject\",\"inLanguage\":\"es\",\"@id\":\"https:\/\/shebell.com\/es\/#\/schema\/logo\/image\/\",\"url\":\"https:\/\/shebell.com\/wp-content\/uploads\/2025\/10\/ShebellLogo11.png\",\"contentUrl\":\"https:\/\/shebell.com\/wp-content\/uploads\/2025\/10\/ShebellLogo11.png\",\"width\":1080,\"height\":252,\"caption\":\"Shebell & Shebell Injury Lawyers\"},\"image\":{\"@id\":\"https:\/\/shebell.com\/es\/#\/schema\/logo\/image\/\"},\"sameAs\":[\"https:\/\/www.facebook.com\/shebellandshebell\"]}]}<\/script>\n<!-- \/ Yoast SEO Premium plugin. -->","yoast_head_json":{"title":"Abogados de ataques de perros en Freehold, NJ | Shebell & Shebell","description":"\u00bfLe ha mordido un perro en Freehold, NJ? Los abogados de Shebell & Shebell est\u00e1n aqu\u00ed para ayudarle a reclamar una indemnizaci\u00f3n por sus lesiones. Llame ahora para una consulta gratuita.","robots":{"index":"index","follow":"follow","max-snippet":"max-snippet:-1","max-image-preview":"max-image-preview:large","max-video-preview":"max-video-preview:-1"},"canonical":"https:\/\/shebell.com\/es\/lesiones-personales\/abogado-de-mordeduras-de-perro-en-nueva-jersey\/","og_locale":"es_ES","og_type":"article","og_title":"Abogado de mordeduras de perro en Nueva Jersey","og_description":"\u00bfLe ha mordido un perro en Freehold, NJ? Los abogados de Shebell & Shebell est\u00e1n aqu\u00ed para ayudarle a reclamar una indemnizaci\u00f3n por sus lesiones. Llame ahora para una consulta gratuita.","og_url":"https:\/\/shebell.com\/es\/lesiones-personales\/abogado-de-mordeduras-de-perro-en-nueva-jersey\/","og_site_name":"Shebell &amp; Shebell Injury Lawyers","article_publisher":"https:\/\/www.facebook.com\/shebellandshebell","article_modified_time":"2026-03-24T14:50:00+00:00","og_image":[{"width":2560,"height":1703,"url":"https:\/\/shebell.com\/wp-content\/uploads\/2024\/03\/Depositphotos_3027115_XL-scaled-1.jpg","type":"image\/jpeg"}],"twitter_card":"summary_large_image","twitter_misc":{"Tiempo de lectura":"3 minutos"},"schema":{"@context":"https:\/\/schema.org","@graph":[{"@type":"WebPage","@id":"https:\/\/shebell.com\/es\/lesiones-personales\/abogado-de-mordeduras-de-perro-en-nueva-jersey\/","url":"https:\/\/shebell.com\/es\/lesiones-personales\/abogado-de-mordeduras-de-perro-en-nueva-jersey\/","name":"Abogados de ataques de perros en Freehold, NJ | Shebell & Shebell","isPartOf":{"@id":"https:\/\/shebell.com\/es\/#website"},"primaryImageOfPage":{"@id":"https:\/\/shebell.com\/es\/lesiones-personales\/abogado-de-mordeduras-de-perro-en-nueva-jersey\/#primaryimage"},"image":{"@id":"https:\/\/shebell.com\/es\/lesiones-personales\/abogado-de-mordeduras-de-perro-en-nueva-jersey\/#primaryimage"},"thumbnailUrl":"https:\/\/shebell.com\/wp-content\/uploads\/2024\/03\/Depositphotos_3027115_XL-scaled-1.jpg","datePublished":"2024-03-22T11:35:39+00:00","dateModified":"2026-03-24T14:50:00+00:00","description":"\u00bfLe ha mordido un perro en Freehold, NJ? Los abogados de Shebell & Shebell est\u00e1n aqu\u00ed para ayudarle a reclamar una indemnizaci\u00f3n por sus lesiones. Llame ahora para una consulta gratuita.","breadcrumb":{"@id":"https:\/\/shebell.com\/es\/lesiones-personales\/abogado-de-mordeduras-de-perro-en-nueva-jersey\/#breadcrumb"},"inLanguage":"es","potentialAction":[{"@type":"ReadAction","target":["https:\/\/shebell.com\/es\/lesiones-personales\/abogado-de-mordeduras-de-perro-en-nueva-jersey\/"]}]},{"@type":"ImageObject","inLanguage":"es","@id":"https:\/\/shebell.com\/es\/lesiones-personales\/abogado-de-mordeduras-de-perro-en-nueva-jersey\/#primaryimage","url":"https:\/\/shebell.com\/wp-content\/uploads\/2024\/03\/Depositphotos_3027115_XL-scaled-1.jpg","contentUrl":"https:\/\/shebell.com\/wp-content\/uploads\/2024\/03\/Depositphotos_3027115_XL-scaled-1.jpg","width":2560,"height":1703},{"@type":"BreadcrumbList","@id":"https:\/\/shebell.com\/es\/lesiones-personales\/abogado-de-mordeduras-de-perro-en-nueva-jersey\/#breadcrumb","itemListElement":[{"@type":"ListItem","position":1,"name":"Home","item":"https:\/\/shebell.com\/es\/inicio\/"},{"@type":"ListItem","position":2,"name":"Lesiones Personales","item":"https:\/\/shebell.com\/es\/lesiones-personales\/"},{"@type":"ListItem","position":3,"name":"Abogado de mordeduras de perro en Nueva Jersey"}]},{"@type":"WebSite","@id":"https:\/\/shebell.com\/es\/#website","url":"https:\/\/shebell.com\/es\/","name":"Shebell & Shebell Injury Lawyers","description":"New Jersey Workers&#039; Compensation Lawyers &amp; Injury Attorneys","publisher":{"@id":"https:\/\/shebell.com\/es\/#organization"},"potentialAction":[{"@type":"SearchAction","target":{"@type":"EntryPoint","urlTemplate":"https:\/\/shebell.com\/es\/?s={search_term_string}"},"query-input":{"@type":"PropertyValueSpecification","valueRequired":true,"valueName":"search_term_string"}}],"inLanguage":"es"},{"@type":"Organization","@id":"https:\/\/shebell.com\/es\/#organization","name":"Shebell & Shebell Injury Lawyers","url":"https:\/\/shebell.com\/es\/","logo":{"@type":"ImageObject","inLanguage":"es","@id":"https:\/\/shebell.com\/es\/#\/schema\/logo\/image\/","url":"https:\/\/shebell.com\/wp-content\/uploads\/2025\/10\/ShebellLogo11.png","contentUrl":"https:\/\/shebell.com\/wp-content\/uploads\/2025\/10\/ShebellLogo11.png","width":1080,"height":252,"caption":"Shebell & Shebell Injury Lawyers"},"image":{"@id":"https:\/\/shebell.com\/es\/#\/schema\/logo\/image\/"},"sameAs":["https:\/\/www.facebook.com\/shebellandshebell"]}]}},"featured_image_src":"https:\/\/shebell.com\/wp-content\/uploads\/2024\/03\/Depositphotos_3027115_XL-scaled-1-600x400.jpg","featured_image_src_square":"https:\/\/shebell.com\/wp-content\/uploads\/2024\/03\/Depositphotos_3027115_XL-scaled-1-600x600.jpg","_links":{"self":[{"href":"https:\/\/shebell.com\/es\/wp-json\/wp\/v2\/pages\/3612","targetHints":{"allow":["GET"]}}],"collection":[{"href":"https:\/\/shebell.com\/es\/wp-json\/wp\/v2\/pages"}],"about":[{"href":"https:\/\/shebell.com\/es\/wp-json\/wp\/v2\/types\/page"}],"author":[{"embeddable":true,"href":"https:\/\/shebell.com\/es\/wp-json\/wp\/v2\/users\/5"}],"replies":[{"embeddable":true,"href":"https:\/\/shebell.com\/es\/wp-json\/wp\/v2\/comments?post=3612"}],"version-history":[{"count":0,"href":"https:\/\/shebell.com\/es\/wp-json\/wp\/v2\/pages\/3612\/revisions"}],"up":[{"embeddable":true,"href":"https:\/\/shebell.com\/es\/wp-json\/wp\/v2\/pages\/3617"}],"wp:featuredmedia":[{"embeddable":true,"href":"https:\/\/shebell.com\/es\/wp-json\/wp\/v2\/media\/3613"}],"wp:attachment":[{"href":"https:\/\/shebell.com\/es\/wp-json\/wp\/v2\/media?parent=3612"}],"curies":[{"name":"wp","href":"https:\/\/api.w.org\/{rel}","templated":true}]}}