{"id":3608,"date":"2024-03-21T11:08:40","date_gmt":"2024-03-21T11:08:40","guid":{"rendered":"https:\/\/shebell.com\/examenes-medicos-independientes-ime\/"},"modified":"2026-03-24T14:57:55","modified_gmt":"2026-03-24T14:57:55","slug":"examenes-medicos-independientes-ime","status":"publish","type":"page","link":"https:\/\/shebell.com\/es\/indemnizacion-por-accidente-laboral\/examenes-medicos-independientes-ime\/","title":{"rendered":"Ex\u00e1menes m\u00e9dicos independientes (IME)"},"content":{"rendered":"\n<p>Si result\u00f3 lesionado en un <a title=\"Lesiones laborales\" href=\"https:\/\/shebell.com\/workers-compensation\/types-of-workplace-accidents\/\">accidente laboral<\/a>, tiene derecho a recibir <a title=\"Tipos de beneficios de compensaci&#xF3;n laboral\" href=\"https:\/\/shebell.com\/workers-compensation\/wokers-compensation-benefit-types\/\">beneficios de compensaci\u00f3n laboral<\/a>. Las compa\u00f1\u00edas de seguros intentan rutinariamente minimizar su reclamaci\u00f3n para poder pagarle menos. Por eso necesita un abogado experimentado en compensaci\u00f3n laboral que luche por sus derechos. Es entonces cuando debe llamar a <a title=\"Shebell &amp; Shebell, LLC\" href=\"https:\/\/shebell.com\/es\/\">Shebell &amp; Shebell, LLC<\/a>. Nuestra oficina est\u00e1 ubicada en <a title=\"Shrewsbury\" href=\"https:\/\/shebell.com\/shrewsbury-lawyer\/\">Shrewsbury<\/a>.    <\/p>\n\n<p>Seg\u00fan el sistema de <a title=\"Compensaci&#xF3;n laboral\" href=\"https:\/\/shebell.com\/workers-compensation\/workers-compensation-appeals\/\">compensaci\u00f3n laboral<\/a> del estado, la compa\u00f1\u00eda de seguros puede solicitar que se someta a un examen m\u00e9dico independiente (IME) realizado por un m\u00e9dico de su elecci\u00f3n. Puede que no le guste la idea de ver a otro m\u00e9dico m\u00e1s, pero rechazar este examen puede poner en riesgo sus beneficios. Nuestros abogados pueden ayudarle a prepararse para asegurarse de que el m\u00e9dico tenga toda la informaci\u00f3n necesaria.  <\/p>\n\n<p>Aqu\u00ed tiene algunos consejos que debe tener en cuenta antes del examen:<\/p>\n\n<h3 class=\"wp-block-heading\" id=\"h-realize-that-the-evaluation-starts-as-soon-as-you-get-there\">Tenga en cuenta que la evaluaci\u00f3n comienza en cuanto llega.<\/h3>\n\n<p>El m\u00e9dico le examinar\u00e1 y le har\u00e1 preguntas, pero la evaluaci\u00f3n comienza en cuanto abre la puerta. El m\u00e9dico observar\u00e1 c\u00f3mo camina, si tiene alguna dificultad para subirse a la camilla de exploraci\u00f3n y si parece sentir alguna molestia. No exagere nada, pero sea consciente de que est\u00e1 siendo evaluado durante todo el tiempo que permanezca all\u00ed.  <\/p>\n\n<h3 class=\"wp-block-heading\" id=\"h-remember-that-the-insurance-company-requested-this\">Recuerde que la compa\u00f1\u00eda de seguros solicit\u00f3 esto.<\/h3>\n\n<p>El m\u00e9dico puede ser muy amable, pero recuerde que la compa\u00f1\u00eda de seguros solicit\u00f3 espec\u00edficamente que este m\u00e9dico evaluara sus lesiones. Quieren minimizar su reclamaci\u00f3n para poder pagarle menos en beneficios de compensaci\u00f3n laboral. Sea cooperativo y responda a las preguntas del m\u00e9dico, pero no ofrezca informaci\u00f3n voluntariamente.  <\/p>\n\n<h3 class=\"wp-block-heading\" id=\"h-be-prepared-to-talk-about-the-effects-of-your-injury\">Est\u00e9 preparado para hablar sobre los efectos de su lesi\u00f3n.<\/h3>\n\n<p>Hable sobre c\u00f3mo la lesi\u00f3n ha afectado su vida diaria. Mencione cualquier actividad que ya no pueda realizar, al menos sin dificultad. Hable sobre cualquier dolor que est\u00e9 experimentando actualmente y cu\u00e1ndo ocurre. Una excelente manera de llevar un registro del dolor y las limitaciones es anotarlos en un cuaderno a medida que los experimenta.   <\/p>\n\n<h3 class=\"wp-block-heading\" id=\"h-be-honest\">Sea honesto.<\/h3>\n\n<p>Si el m\u00e9dico le pregunta sobre su nivel de dolor o sus limitaciones actuales, d\u00e9 respuestas honestas. En algunos casos, la compa\u00f1\u00eda de seguros contrata investigadores privados para vigilar a los trabajadores lesionados en p\u00fablico. Buscan pruebas de que los trabajadores est\u00e1n exagerando sus lesiones. Pueden o no hacerlo en su caso, pero la mejor pol\u00edtica es siempre decir la verdad.   <\/p>\n\n<p>Una lesi\u00f3n laboral puede tener efectos f\u00edsicos, emocionales y financieros para usted y su familia. Puede necesitar tratamiento m\u00e9dico extenso, y los gastos pueden acumularse r\u00e1pidamente. Tambi\u00e9n puede sufrir una p\u00e9rdida de ingresos mientras se encuentra incapacitado para trabajar. Los beneficios de compensaci\u00f3n laboral est\u00e1n dise\u00f1ados para pagar el tratamiento m\u00e9dico necesario y proporcionarle salarios parciales.   <\/p>\n\n<p>Las compa\u00f1\u00edas de seguros pueden cuestionar el alcance de sus lesiones o la necesidad de ciertos tratamientos. Tambi\u00e9n pueden presionarle para que regrese al trabajo aunque todav\u00eda se est\u00e9 recuperando de sus lesiones. Solicitar un examen m\u00e9dico independiente puede formar parte de sus intentos de limitar sus beneficios.  <\/p>\n\n<p>Nuestros experimentados <a title=\"Nuestros abogados\" href=\"https:\/\/shebell.com\/our-attorneys\/\">abogados<\/a> de compensaci\u00f3n laboral saben c\u00f3mo ayudarle a luchar para obtener los beneficios que merece. Si se deniegan sus beneficios, construimos un caso s\u00f3lido y presentamos argumentos convincentes ante los jueces de compensaci\u00f3n laboral. Si es necesario, estamos preparados para luchar por usted en los tribunales. Muchas veces, podemos llegar a un acuerdo en su reclamaci\u00f3n.   <\/p>\n\n<p>Obtenga m\u00e1s informaci\u00f3n sobre c\u00f3mo podemos ayudarle. Si result\u00f3 lesionado en un accidente laboral, <a title=\"Cont&#xE1;ctenos\" href=\"\/contact-us\/\">cont\u00e1ctenos<\/a> para programar una consulta gratuita con uno de nuestros experimentados abogados de compensaci\u00f3n laboral de Nueva Jersey. <\/p>\n","protected":false},"excerpt":{"rendered":"<p>Si result\u00f3 lesionado en un accidente laboral, tiene derecho a recibir beneficios de compensaci\u00f3n laboral. Las compa\u00f1\u00edas de seguros intentan rutinariamente minimizar su reclamaci\u00f3n para poder pagarle menos. Por eso necesita un abogado experimentado en compensaci\u00f3n laboral que luche por sus derechos. Es entonces cuando debe llamar a Shebell &amp; Shebell, LLC. Nuestra oficina est\u00e1 ubicada en Shrewsbury. Seg\u00fan el sistema de compensaci\u00f3n laboral del estado, la compa\u00f1\u00eda de seguros puede solicitar que se someta a un examen m\u00e9dico independiente (IME) realizado por un m\u00e9dico de su elecci\u00f3n. Puede que no le guste la idea de ver a otro m\u00e9dico m\u00e1s, pero rechazar este examen puede poner en riesgo sus beneficios. Nuestros abogados pueden ayudarle a prepararse para asegurarse de que el m\u00e9dico tenga toda la informaci\u00f3n necesaria. Aqu\u00ed tiene algunos consejos que debe tener en cuenta antes del examen: Tenga en cuenta que la evaluaci\u00f3n comienza en cuanto llega. El m\u00e9dico le examinar\u00e1 y le har\u00e1 preguntas, pero la evaluaci\u00f3n comienza en cuanto abre la puerta. El m\u00e9dico observar\u00e1 c\u00f3mo camina, si tiene alguna dificultad para subirse a la camilla de exploraci\u00f3n y si parece sentir alguna molestia. No exagere nada, pero sea consciente de que est\u00e1 siendo evaluado durante todo el tiempo que permanezca all\u00ed. Recuerde que la compa\u00f1\u00eda de seguros solicit\u00f3 esto. El m\u00e9dico puede ser muy amable, pero recuerde que la compa\u00f1\u00eda de seguros solicit\u00f3 espec\u00edficamente que este m\u00e9dico evaluara sus lesiones. Quieren minimizar su reclamaci\u00f3n para poder pagarle menos en beneficios de compensaci\u00f3n laboral. Sea cooperativo y responda a las preguntas del m\u00e9dico, pero no ofrezca informaci\u00f3n voluntariamente. Est\u00e9 preparado para hablar sobre los efectos de su lesi\u00f3n. Hable sobre c\u00f3mo la lesi\u00f3n ha afectado su vida diaria. Mencione cualquier actividad que ya no pueda realizar, al menos sin dificultad. Hable sobre cualquier dolor que est\u00e9 experimentando actualmente y cu\u00e1ndo ocurre. Una excelente manera de llevar un registro del dolor y las limitaciones es anotarlos en un cuaderno a medida que los experimenta. Sea honesto. Si el m\u00e9dico le pregunta sobre su nivel de dolor o sus limitaciones actuales, d\u00e9 respuestas honestas. En algunos casos, la compa\u00f1\u00eda de seguros contrata investigadores privados para vigilar a los trabajadores lesionados en p\u00fablico. Buscan pruebas de que los trabajadores est\u00e1n exagerando sus lesiones. Pueden o no hacerlo en su caso, pero la mejor pol\u00edtica es siempre decir la verdad. Una lesi\u00f3n laboral puede tener efectos f\u00edsicos, emocionales y financieros para usted y su familia. Puede necesitar tratamiento m\u00e9dico extenso, y los gastos pueden acumularse r\u00e1pidamente. Tambi\u00e9n puede sufrir una p\u00e9rdida de ingresos mientras se encuentra incapacitado para trabajar. Los beneficios de compensaci\u00f3n laboral est\u00e1n dise\u00f1ados para pagar el tratamiento m\u00e9dico necesario y proporcionarle salarios parciales. Las compa\u00f1\u00edas de seguros pueden cuestionar el alcance de sus lesiones o la necesidad de ciertos tratamientos. Tambi\u00e9n pueden presionarle para que regrese al trabajo aunque todav\u00eda se est\u00e9 recuperando de sus lesiones. Solicitar un examen m\u00e9dico independiente puede formar parte de sus intentos de limitar sus beneficios. Nuestros experimentados abogados de compensaci\u00f3n laboral saben c\u00f3mo ayudarle a luchar para obtener los beneficios que merece. Si se deniegan sus beneficios, construimos un caso s\u00f3lido y presentamos argumentos convincentes ante los jueces de compensaci\u00f3n laboral. Si es necesario, estamos preparados para luchar por usted en los tribunales. Muchas veces, podemos llegar a un acuerdo en su reclamaci\u00f3n. Obtenga m\u00e1s informaci\u00f3n sobre c\u00f3mo podemos ayudarle. Si result\u00f3 lesionado en un accidente laboral, cont\u00e1ctenos para programar una consulta gratuita con uno de nuestros experimentados abogados de compensaci\u00f3n laboral de Nueva Jersey.<\/p>\n","protected":false},"author":5,"featured_media":3609,"parent":3709,"menu_order":0,"comment_status":"closed","ping_status":"closed","template":"","meta":{"_genesis_block_theme_hide_title":false,"footnotes":""},"class_list":["post-3608","page","type-page","status-publish","has-post-thumbnail","hentry","post","with-featured-image"],"yoast_head":"<!-- This site is optimized with the Yoast SEO Premium plugin v27.2 (Yoast SEO v27.2) - https:\/\/yoast.com\/product\/yoast-seo-premium-wordpress\/ -->\n<title>Abogados de ex\u00e1menes independientes en NJ | Shebell &amp; Shebell<\/title>\n<meta name=\"description\" content=\"\u00bfSe enfrenta a un examen m\u00e9dico independiente en NJ? Los abogados de Shebell &amp; Shebell ayudan a proteger sus derechos y garantizan una evaluaci\u00f3n justa. Cont\u00e1ctenos hoy.\" \/>\n<meta name=\"robots\" content=\"index, follow, max-snippet:-1, max-image-preview:large, max-video-preview:-1\" \/>\n<link rel=\"canonical\" href=\"https:\/\/shebell.com\/es\/indemnizacion-por-accidente-laboral\/examenes-medicos-independientes-ime\/\" \/>\n<meta property=\"og:locale\" content=\"es_ES\" \/>\n<meta property=\"og:type\" content=\"article\" \/>\n<meta property=\"og:title\" content=\"Ex\u00e1menes m\u00e9dicos independientes (IME)\" \/>\n<meta property=\"og:description\" content=\"\u00bfSe enfrenta a un examen m\u00e9dico independiente en NJ? Los abogados de Shebell &amp; Shebell ayudan a proteger sus derechos y garantizan una evaluaci\u00f3n justa. Cont\u00e1ctenos hoy.\" \/>\n<meta property=\"og:url\" content=\"https:\/\/shebell.com\/es\/indemnizacion-por-accidente-laboral\/examenes-medicos-independientes-ime\/\" \/>\n<meta property=\"og:site_name\" content=\"Shebell &amp; Shebell Injury Lawyers\" \/>\n<meta property=\"article:publisher\" content=\"https:\/\/www.facebook.com\/shebellandshebell\" \/>\n<meta property=\"article:modified_time\" content=\"2026-03-24T14:57:55+00:00\" \/>\n<meta property=\"og:image\" content=\"https:\/\/shebell.com\/wp-content\/uploads\/2024\/03\/StockCake-Doctor-Holding-Stethoscope_1711858855.jpg\" \/>\n\t<meta property=\"og:image:width\" content=\"816\" \/>\n\t<meta property=\"og:image:height\" content=\"1456\" \/>\n\t<meta property=\"og:image:type\" content=\"image\/jpeg\" \/>\n<meta name=\"twitter:card\" content=\"summary_large_image\" \/>\n<meta name=\"twitter:label1\" content=\"Tiempo de lectura\" \/>\n\t<meta name=\"twitter:data1\" content=\"3 minutos\" \/>\n<script type=\"application\/ld+json\" class=\"yoast-schema-graph\">{\"@context\":\"https:\/\/schema.org\",\"@graph\":[{\"@type\":\"WebPage\",\"@id\":\"https:\/\/shebell.com\/es\/indemnizacion-por-accidente-laboral\/examenes-medicos-independientes-ime\/\",\"url\":\"https:\/\/shebell.com\/es\/indemnizacion-por-accidente-laboral\/examenes-medicos-independientes-ime\/\",\"name\":\"Abogados de ex\u00e1menes independientes en NJ | Shebell & Shebell\",\"isPartOf\":{\"@id\":\"https:\/\/shebell.com\/es\/#website\"},\"primaryImageOfPage\":{\"@id\":\"https:\/\/shebell.com\/es\/indemnizacion-por-accidente-laboral\/examenes-medicos-independientes-ime\/#primaryimage\"},\"image\":{\"@id\":\"https:\/\/shebell.com\/es\/indemnizacion-por-accidente-laboral\/examenes-medicos-independientes-ime\/#primaryimage\"},\"thumbnailUrl\":\"https:\/\/shebell.com\/wp-content\/uploads\/2024\/03\/StockCake-Doctor-Holding-Stethoscope_1711858855.jpg\",\"datePublished\":\"2024-03-21T11:08:40+00:00\",\"dateModified\":\"2026-03-24T14:57:55+00:00\",\"description\":\"\u00bfSe enfrenta a un examen m\u00e9dico independiente en NJ? Los abogados de Shebell & Shebell ayudan a proteger sus derechos y garantizan una evaluaci\u00f3n justa. Cont\u00e1ctenos hoy.\",\"breadcrumb\":{\"@id\":\"https:\/\/shebell.com\/es\/indemnizacion-por-accidente-laboral\/examenes-medicos-independientes-ime\/#breadcrumb\"},\"inLanguage\":\"es\",\"potentialAction\":[{\"@type\":\"ReadAction\",\"target\":[\"https:\/\/shebell.com\/es\/indemnizacion-por-accidente-laboral\/examenes-medicos-independientes-ime\/\"]}]},{\"@type\":\"ImageObject\",\"inLanguage\":\"es\",\"@id\":\"https:\/\/shebell.com\/es\/indemnizacion-por-accidente-laboral\/examenes-medicos-independientes-ime\/#primaryimage\",\"url\":\"https:\/\/shebell.com\/wp-content\/uploads\/2024\/03\/StockCake-Doctor-Holding-Stethoscope_1711858855.jpg\",\"contentUrl\":\"https:\/\/shebell.com\/wp-content\/uploads\/2024\/03\/StockCake-Doctor-Holding-Stethoscope_1711858855.jpg\",\"width\":816,\"height\":1456},{\"@type\":\"BreadcrumbList\",\"@id\":\"https:\/\/shebell.com\/es\/indemnizacion-por-accidente-laboral\/examenes-medicos-independientes-ime\/#breadcrumb\",\"itemListElement\":[{\"@type\":\"ListItem\",\"position\":1,\"name\":\"Home\",\"item\":\"https:\/\/shebell.com\/es\/inicio\/\"},{\"@type\":\"ListItem\",\"position\":2,\"name\":\"Indemnizaci\u00f3n por accidente laboral\",\"item\":\"https:\/\/shebell.com\/es\/indemnizacion-por-accidente-laboral\/\"},{\"@type\":\"ListItem\",\"position\":3,\"name\":\"Ex\u00e1menes m\u00e9dicos independientes (IME)\"}]},{\"@type\":\"WebSite\",\"@id\":\"https:\/\/shebell.com\/es\/#website\",\"url\":\"https:\/\/shebell.com\/es\/\",\"name\":\"Shebell & Shebell Injury Lawyers\",\"description\":\"New Jersey Workers&#039; Compensation Lawyers &amp; Injury Attorneys\",\"publisher\":{\"@id\":\"https:\/\/shebell.com\/es\/#organization\"},\"potentialAction\":[{\"@type\":\"SearchAction\",\"target\":{\"@type\":\"EntryPoint\",\"urlTemplate\":\"https:\/\/shebell.com\/es\/?s={search_term_string}\"},\"query-input\":{\"@type\":\"PropertyValueSpecification\",\"valueRequired\":true,\"valueName\":\"search_term_string\"}}],\"inLanguage\":\"es\"},{\"@type\":\"Organization\",\"@id\":\"https:\/\/shebell.com\/es\/#organization\",\"name\":\"Shebell & Shebell Injury Lawyers\",\"url\":\"https:\/\/shebell.com\/es\/\",\"logo\":{\"@type\":\"ImageObject\",\"inLanguage\":\"es\",\"@id\":\"https:\/\/shebell.com\/es\/#\/schema\/logo\/image\/\",\"url\":\"https:\/\/shebell.com\/wp-content\/uploads\/2025\/10\/ShebellLogo11.png\",\"contentUrl\":\"https:\/\/shebell.com\/wp-content\/uploads\/2025\/10\/ShebellLogo11.png\",\"width\":1080,\"height\":252,\"caption\":\"Shebell & Shebell Injury Lawyers\"},\"image\":{\"@id\":\"https:\/\/shebell.com\/es\/#\/schema\/logo\/image\/\"},\"sameAs\":[\"https:\/\/www.facebook.com\/shebellandshebell\"]}]}<\/script>\n<!-- \/ Yoast SEO Premium plugin. -->","yoast_head_json":{"title":"Abogados de ex\u00e1menes independientes en NJ | Shebell & Shebell","description":"\u00bfSe enfrenta a un examen m\u00e9dico independiente en NJ? Los abogados de Shebell & Shebell ayudan a proteger sus derechos y garantizan una evaluaci\u00f3n justa. Cont\u00e1ctenos hoy.","robots":{"index":"index","follow":"follow","max-snippet":"max-snippet:-1","max-image-preview":"max-image-preview:large","max-video-preview":"max-video-preview:-1"},"canonical":"https:\/\/shebell.com\/es\/indemnizacion-por-accidente-laboral\/examenes-medicos-independientes-ime\/","og_locale":"es_ES","og_type":"article","og_title":"Ex\u00e1menes m\u00e9dicos independientes (IME)","og_description":"\u00bfSe enfrenta a un examen m\u00e9dico independiente en NJ? Los abogados de Shebell & Shebell ayudan a proteger sus derechos y garantizan una evaluaci\u00f3n justa. Cont\u00e1ctenos hoy.","og_url":"https:\/\/shebell.com\/es\/indemnizacion-por-accidente-laboral\/examenes-medicos-independientes-ime\/","og_site_name":"Shebell &amp; Shebell Injury Lawyers","article_publisher":"https:\/\/www.facebook.com\/shebellandshebell","article_modified_time":"2026-03-24T14:57:55+00:00","og_image":[{"width":816,"height":1456,"url":"https:\/\/shebell.com\/wp-content\/uploads\/2024\/03\/StockCake-Doctor-Holding-Stethoscope_1711858855.jpg","type":"image\/jpeg"}],"twitter_card":"summary_large_image","twitter_misc":{"Tiempo de lectura":"3 minutos"},"schema":{"@context":"https:\/\/schema.org","@graph":[{"@type":"WebPage","@id":"https:\/\/shebell.com\/es\/indemnizacion-por-accidente-laboral\/examenes-medicos-independientes-ime\/","url":"https:\/\/shebell.com\/es\/indemnizacion-por-accidente-laboral\/examenes-medicos-independientes-ime\/","name":"Abogados de ex\u00e1menes independientes en NJ | Shebell & Shebell","isPartOf":{"@id":"https:\/\/shebell.com\/es\/#website"},"primaryImageOfPage":{"@id":"https:\/\/shebell.com\/es\/indemnizacion-por-accidente-laboral\/examenes-medicos-independientes-ime\/#primaryimage"},"image":{"@id":"https:\/\/shebell.com\/es\/indemnizacion-por-accidente-laboral\/examenes-medicos-independientes-ime\/#primaryimage"},"thumbnailUrl":"https:\/\/shebell.com\/wp-content\/uploads\/2024\/03\/StockCake-Doctor-Holding-Stethoscope_1711858855.jpg","datePublished":"2024-03-21T11:08:40+00:00","dateModified":"2026-03-24T14:57:55+00:00","description":"\u00bfSe enfrenta a un examen m\u00e9dico independiente en NJ? Los abogados de Shebell & Shebell ayudan a proteger sus derechos y garantizan una evaluaci\u00f3n justa. Cont\u00e1ctenos hoy.","breadcrumb":{"@id":"https:\/\/shebell.com\/es\/indemnizacion-por-accidente-laboral\/examenes-medicos-independientes-ime\/#breadcrumb"},"inLanguage":"es","potentialAction":[{"@type":"ReadAction","target":["https:\/\/shebell.com\/es\/indemnizacion-por-accidente-laboral\/examenes-medicos-independientes-ime\/"]}]},{"@type":"ImageObject","inLanguage":"es","@id":"https:\/\/shebell.com\/es\/indemnizacion-por-accidente-laboral\/examenes-medicos-independientes-ime\/#primaryimage","url":"https:\/\/shebell.com\/wp-content\/uploads\/2024\/03\/StockCake-Doctor-Holding-Stethoscope_1711858855.jpg","contentUrl":"https:\/\/shebell.com\/wp-content\/uploads\/2024\/03\/StockCake-Doctor-Holding-Stethoscope_1711858855.jpg","width":816,"height":1456},{"@type":"BreadcrumbList","@id":"https:\/\/shebell.com\/es\/indemnizacion-por-accidente-laboral\/examenes-medicos-independientes-ime\/#breadcrumb","itemListElement":[{"@type":"ListItem","position":1,"name":"Home","item":"https:\/\/shebell.com\/es\/inicio\/"},{"@type":"ListItem","position":2,"name":"Indemnizaci\u00f3n por accidente laboral","item":"https:\/\/shebell.com\/es\/indemnizacion-por-accidente-laboral\/"},{"@type":"ListItem","position":3,"name":"Ex\u00e1menes m\u00e9dicos independientes (IME)"}]},{"@type":"WebSite","@id":"https:\/\/shebell.com\/es\/#website","url":"https:\/\/shebell.com\/es\/","name":"Shebell & Shebell Injury Lawyers","description":"New Jersey Workers&#039; Compensation Lawyers &amp; Injury Attorneys","publisher":{"@id":"https:\/\/shebell.com\/es\/#organization"},"potentialAction":[{"@type":"SearchAction","target":{"@type":"EntryPoint","urlTemplate":"https:\/\/shebell.com\/es\/?s={search_term_string}"},"query-input":{"@type":"PropertyValueSpecification","valueRequired":true,"valueName":"search_term_string"}}],"inLanguage":"es"},{"@type":"Organization","@id":"https:\/\/shebell.com\/es\/#organization","name":"Shebell & Shebell Injury Lawyers","url":"https:\/\/shebell.com\/es\/","logo":{"@type":"ImageObject","inLanguage":"es","@id":"https:\/\/shebell.com\/es\/#\/schema\/logo\/image\/","url":"https:\/\/shebell.com\/wp-content\/uploads\/2025\/10\/ShebellLogo11.png","contentUrl":"https:\/\/shebell.com\/wp-content\/uploads\/2025\/10\/ShebellLogo11.png","width":1080,"height":252,"caption":"Shebell & Shebell Injury Lawyers"},"image":{"@id":"https:\/\/shebell.com\/es\/#\/schema\/logo\/image\/"},"sameAs":["https:\/\/www.facebook.com\/shebellandshebell"]}]}},"featured_image_src":"https:\/\/shebell.com\/wp-content\/uploads\/2024\/03\/StockCake-Doctor-Holding-Stethoscope_1711858855-600x400.jpg","featured_image_src_square":"https:\/\/shebell.com\/wp-content\/uploads\/2024\/03\/StockCake-Doctor-Holding-Stethoscope_1711858855-600x600.jpg","_links":{"self":[{"href":"https:\/\/shebell.com\/es\/wp-json\/wp\/v2\/pages\/3608","targetHints":{"allow":["GET"]}}],"collection":[{"href":"https:\/\/shebell.com\/es\/wp-json\/wp\/v2\/pages"}],"about":[{"href":"https:\/\/shebell.com\/es\/wp-json\/wp\/v2\/types\/page"}],"author":[{"embeddable":true,"href":"https:\/\/shebell.com\/es\/wp-json\/wp\/v2\/users\/5"}],"replies":[{"embeddable":true,"href":"https:\/\/shebell.com\/es\/wp-json\/wp\/v2\/comments?post=3608"}],"version-history":[{"count":0,"href":"https:\/\/shebell.com\/es\/wp-json\/wp\/v2\/pages\/3608\/revisions"}],"up":[{"embeddable":true,"href":"https:\/\/shebell.com\/es\/wp-json\/wp\/v2\/pages\/3709"}],"wp:featuredmedia":[{"embeddable":true,"href":"https:\/\/shebell.com\/es\/wp-json\/wp\/v2\/media\/3609"}],"wp:attachment":[{"href":"https:\/\/shebell.com\/es\/wp-json\/wp\/v2\/media?parent=3608"}],"curies":[{"name":"wp","href":"https:\/\/api.w.org\/{rel}","templated":true}]}}