{"id":3551,"date":"2024-03-21T11:09:05","date_gmt":"2024-03-21T11:09:05","guid":{"rendered":"https:\/\/shebell.com\/reclamaciones-contra-terceros\/"},"modified":"2026-03-24T14:57:55","modified_gmt":"2026-03-24T14:57:55","slug":"reclamaciones-contra-terceros","status":"publish","type":"page","link":"https:\/\/shebell.com\/es\/indemnizacion-por-accidente-laboral\/reclamaciones-contra-terceros\/","title":{"rendered":"Reclamaciones contra terceros"},"content":{"rendered":"\n<p>Si result\u00f3 lesionado en un <a title=\"Lesiones laborales\" href=\"https:\/\/shebell.com\/workers-compensation\/types-of-workplace-accidents\/\">accidente laboral<\/a>, los <a title=\"Compensaci&#xF3;n laboral\" href=\"https:\/\/shebell.com\/workers-compensation\/workers-compensation-appeals\/\">abogados de compensaci\u00f3n laboral<\/a> de <a title=\"Shebell &amp; Shebell, LLC\" href=\"https:\/\/shebell.com\/es\/\">Shebell &amp; Shebell, LLC<\/a> le ayudar\u00e1n en todo lo que podamos. Esto incluye luchar para conseguirle todos los beneficios de compensaci\u00f3n laboral que merece. En algunos casos, tambi\u00e9n puede implicar presentar una reclamaci\u00f3n contra un tercero responsable del accidente que le caus\u00f3 las lesiones.  <\/p>\n\n<p>Se supone que el sistema de compensaci\u00f3n laboral debe cubrir el coste de todo tratamiento m\u00e9dico razonable y necesario para su lesi\u00f3n. Tambi\u00e9n se supone que debe recibir un salario parcial durante el tiempo que no pueda volver al trabajo. Seg\u00fan la ley, no puede demandar a su empleador por ninguna otra compensaci\u00f3n.  <\/p>\n\n<h2 class=\"wp-block-heading\" id=\"h-holding-negligent-parties-accountable\">Responsabilizar a las partes negligentes<\/h2>\n\n<p>Sin embargo, si un tercero fue responsable de causar el accidente que le dej\u00f3 lesionado, es posible que pueda solicitar una compensaci\u00f3n por da\u00f1os no econ\u00f3micos, como dolor y sufrimiento. Un tercero puede incluir: <\/p>\n\n<ul class=\"wp-block-list\">\n<li>Un equipo de limpieza o mantenimiento contratado por su empleador<\/li>\n\n\n\n<li>El propietario de una propiedad o negocio que visit\u00f3 como parte de su trabajo<\/li>\n\n\n\n<li>Un conductor que caus\u00f3 un accidente de tr\u00e1fico mientras usted viajaba por trabajo<\/li>\n\n\n\n<li>Contratistas independientes que trabajan en su lugar de empleo<\/li>\n\n\n\n<li>El fabricante de equipos defectuosos<\/li>\n<\/ul>\n\n<p>Recuperar una compensaci\u00f3n puede ser complicado. Los terceros tienen sus propios abogados y sus propias compa\u00f1\u00edas de seguros. Normalmente no aceptan la responsabilidad de haber causado el accidente que le dej\u00f3 lesionado y niegan haber hecho algo mal. Esto le deja en la posici\u00f3n de tener que demostrar que su negligencia provoc\u00f3 su lesi\u00f3n.   <\/p>\n\n<p>Por eso necesita un abogado de lesiones personales con experiencia que luche por usted. Nuestros abogados saben c\u00f3mo construir casos s\u00f3lidos que responsabilicen a las partes negligentes. Sabemos c\u00f3mo luchar contra las compa\u00f1\u00edas de seguros en su nombre.  <\/p>\n\n<p>Nuestro equipo legal investiga su accidente para obtener los hechos. Recopilamos pruebas y revisamos toda la documentaci\u00f3n relevante, como informes de accidentes e historiales m\u00e9dicos. Identificamos y entrevistamos a testigos sobre lo que vieron. Si es necesario, consultamos a expertos en reconstrucci\u00f3n de accidentes y otros especialistas.   <\/p>\n\n<p>Estamos comprometidos a ayudarle a recuperar todos los beneficios y la compensaci\u00f3n que merece, ya sea mediante la presentaci\u00f3n de una reclamaci\u00f3n de seguro contra terceros o argumentando su caso ante un juez de compensaci\u00f3n laboral.<\/p>\n\n<h2 class=\"wp-block-heading\" id=\"h-we-take-on-the-insurance-companies\">Nos enfrentamos a las compa\u00f1\u00edas de seguros<\/h2>\n\n<p>La compa\u00f1\u00eda de seguros luchar\u00e1 contra usted en cada paso del camino. Su principal preocupaci\u00f3n es proteger sus resultados financieros. Por lo tanto, intentar\u00e1n pagarle lo menos posible para mantener sus beneficios lo m\u00e1s altos posible. Cuestionar\u00e1n el alcance de sus lesiones o argumentar\u00e1n que ya sufr\u00eda estas lesiones incluso antes del accidente.   <\/p>\n\n<p>Incluso pueden intentar culparle a usted de lo sucedido. La culpabilidad en un accidente no afecta a sus beneficios de compensaci\u00f3n laboral, pero puede reducir la cantidad de dinero que puede recuperar en una reclamaci\u00f3n por lesiones personales. <\/p>\n\n<p>Nuestros abogados saben c\u00f3mo construir casos que demuestren que la negligencia de un tercero caus\u00f3 el accidente que le dej\u00f3 lesionado. Luego exigimos una compensaci\u00f3n por los da\u00f1os no econ\u00f3micos que ha sufrido. Muchas veces, la compa\u00f1\u00eda de seguros aceptar\u00e1 negociar un acuerdo. Solo nos interesa un acuerdo con terceros que satisfaga sus necesidades.   <\/p>\n\n<p>Sabemos c\u00f3mo una lesi\u00f3n puede afectarle a usted y a su familia. Nuestros abogados est\u00e1n dedicados a ayudarle a obtener todos los beneficios de compensaci\u00f3n laboral que deber\u00eda recibir. Si un tercero caus\u00f3 su accidente, tambi\u00e9n estamos dedicados a ayudarle a maximizar la compensaci\u00f3n que puede obtener mediante una reclamaci\u00f3n legal.  <\/p>\n\n<p>Nuestro bufete explorar\u00e1 todas las opciones de compensaci\u00f3n despu\u00e9s de su lesi\u00f3n, incluida una reclamaci\u00f3n de compensaci\u00f3n laboral, un acuerdo con terceros o una demanda. Si la aseguradora de un tercero act\u00faa de mala fe, podemos explorar soluciones. <\/p>\n\n<p>Si result\u00f3 lesionado, conozca m\u00e1s sobre c\u00f3mo podemos ayudarle. <a title=\"Cont&#xE1;ctenos\" href=\"\/contact-us\/\">Cont\u00e1ctenos<\/a> para programar una consulta gratuita con uno de nuestros abogados de compensaci\u00f3n laboral. Nuestra oficina est\u00e1 ubicada en <a title=\"Shrewsbury\" href=\"https:\/\/shebell.com\/shrewsbury-lawyer\/\">Shrewsbury<\/a>. <\/p>\n","protected":false},"excerpt":{"rendered":"<p>Si result\u00f3 lesionado en un accidente laboral, los abogados de compensaci\u00f3n laboral de Shebell &amp; Shebell, LLC le ayudar\u00e1n en todo lo que podamos. Esto incluye luchar para conseguirle todos los beneficios de compensaci\u00f3n laboral que merece. En algunos casos, tambi\u00e9n puede implicar presentar una reclamaci\u00f3n contra un tercero responsable del accidente que le caus\u00f3 las lesiones. Se supone que el sistema de compensaci\u00f3n laboral debe cubrir el coste de todo tratamiento m\u00e9dico razonable y necesario para su lesi\u00f3n. Tambi\u00e9n se supone que debe recibir un salario parcial durante el tiempo que no pueda volver al trabajo. Seg\u00fan la ley, no puede demandar a su empleador por ninguna otra compensaci\u00f3n. Responsabilizar a las partes negligentes Sin embargo, si un tercero fue responsable de causar el accidente que le dej\u00f3 lesionado, es posible que pueda solicitar una compensaci\u00f3n por da\u00f1os no econ\u00f3micos, como dolor y sufrimiento. Un tercero puede incluir: Recuperar una compensaci\u00f3n puede ser complicado. Los terceros tienen sus propios abogados y sus propias compa\u00f1\u00edas de seguros. Normalmente no aceptan la responsabilidad de haber causado el accidente que le dej\u00f3 lesionado y niegan haber hecho algo mal. Esto le deja en la posici\u00f3n de tener que demostrar que su negligencia provoc\u00f3 su lesi\u00f3n. Por eso necesita un abogado de lesiones personales con experiencia que luche por usted. Nuestros abogados saben c\u00f3mo construir casos s\u00f3lidos que responsabilicen a las partes negligentes. Sabemos c\u00f3mo luchar contra las compa\u00f1\u00edas de seguros en su nombre. Nuestro equipo legal investiga su accidente para obtener los hechos. Recopilamos pruebas y revisamos toda la documentaci\u00f3n relevante, como informes de accidentes e historiales m\u00e9dicos. Identificamos y entrevistamos a testigos sobre lo que vieron. Si es necesario, consultamos a expertos en reconstrucci\u00f3n de accidentes y otros especialistas. Estamos comprometidos a ayudarle a recuperar todos los beneficios y la compensaci\u00f3n que merece, ya sea mediante la presentaci\u00f3n de una reclamaci\u00f3n de seguro contra terceros o argumentando su caso ante un juez de compensaci\u00f3n laboral. Nos enfrentamos a las compa\u00f1\u00edas de seguros La compa\u00f1\u00eda de seguros luchar\u00e1 contra usted en cada paso del camino. Su principal preocupaci\u00f3n es proteger sus resultados financieros. Por lo tanto, intentar\u00e1n pagarle lo menos posible para mantener sus beneficios lo m\u00e1s altos posible. Cuestionar\u00e1n el alcance de sus lesiones o argumentar\u00e1n que ya sufr\u00eda estas lesiones incluso antes del accidente. Incluso pueden intentar culparle a usted de lo sucedido. La culpabilidad en un accidente no afecta a sus beneficios de compensaci\u00f3n laboral, pero puede reducir la cantidad de dinero que puede recuperar en una reclamaci\u00f3n por lesiones personales. Nuestros abogados saben c\u00f3mo construir casos que demuestren que la negligencia de un tercero caus\u00f3 el accidente que le dej\u00f3 lesionado. Luego exigimos una compensaci\u00f3n por los da\u00f1os no econ\u00f3micos que ha sufrido. Muchas veces, la compa\u00f1\u00eda de seguros aceptar\u00e1 negociar un acuerdo. Solo nos interesa un acuerdo con terceros que satisfaga sus necesidades. Sabemos c\u00f3mo una lesi\u00f3n puede afectarle a usted y a su familia. Nuestros abogados est\u00e1n dedicados a ayudarle a obtener todos los beneficios de compensaci\u00f3n laboral que deber\u00eda recibir. Si un tercero caus\u00f3 su accidente, tambi\u00e9n estamos dedicados a ayudarle a maximizar la compensaci\u00f3n que puede obtener mediante una reclamaci\u00f3n legal. Nuestro bufete explorar\u00e1 todas las opciones de compensaci\u00f3n despu\u00e9s de su lesi\u00f3n, incluida una reclamaci\u00f3n de compensaci\u00f3n laboral, un acuerdo con terceros o una demanda. Si la aseguradora de un tercero act\u00faa de mala fe, podemos explorar soluciones. Si result\u00f3 lesionado, conozca m\u00e1s sobre c\u00f3mo podemos ayudarle. Cont\u00e1ctenos para programar una consulta gratuita con uno de nuestros abogados de compensaci\u00f3n laboral. Nuestra oficina est\u00e1 ubicada en Shrewsbury.<\/p>\n","protected":false},"author":5,"featured_media":3553,"parent":3709,"menu_order":0,"comment_status":"closed","ping_status":"closed","template":"","meta":{"_genesis_block_theme_hide_title":false,"footnotes":""},"class_list":["post-3551","page","type-page","status-publish","has-post-thumbnail","hentry","post","with-featured-image"],"yoast_head":"<!-- This site is optimized with the Yoast SEO Premium plugin v27.2 (Yoast SEO v27.2) - https:\/\/yoast.com\/product\/yoast-seo-premium-wordpress\/ -->\n<title>Abogados de reclamaciones contra terceros en NJ | Shebell &amp; Shebell<\/title>\n<meta name=\"description\" content=\"\u00bfLesionado por un tercero en el trabajo en NJ? Los abogados de Shebell &amp; Shebell le ayudan a obtener una compensaci\u00f3n adicional mediante reclamaciones contra terceros. Cont\u00e1ctenos hoy.\" \/>\n<meta name=\"robots\" content=\"index, follow, max-snippet:-1, max-image-preview:large, max-video-preview:-1\" \/>\n<link rel=\"canonical\" href=\"https:\/\/shebell.com\/es\/indemnizacion-por-accidente-laboral\/reclamaciones-contra-terceros\/\" \/>\n<meta property=\"og:locale\" content=\"es_ES\" \/>\n<meta property=\"og:type\" content=\"article\" \/>\n<meta property=\"og:title\" content=\"Reclamaciones contra terceros\" \/>\n<meta property=\"og:description\" content=\"\u00bfLesionado por un tercero en el trabajo en NJ? Los abogados de Shebell &amp; Shebell le ayudan a obtener una compensaci\u00f3n adicional mediante reclamaciones contra terceros. Cont\u00e1ctenos hoy.\" \/>\n<meta property=\"og:url\" content=\"https:\/\/shebell.com\/es\/indemnizacion-por-accidente-laboral\/reclamaciones-contra-terceros\/\" \/>\n<meta property=\"og:site_name\" content=\"Shebell &amp; Shebell Injury Lawyers\" \/>\n<meta property=\"article:publisher\" content=\"https:\/\/www.facebook.com\/shebellandshebell\" \/>\n<meta property=\"article:modified_time\" content=\"2026-03-24T14:57:55+00:00\" \/>\n<meta property=\"og:image\" content=\"https:\/\/shebell.com\/wp-content\/uploads\/2024\/03\/StockCake-Business-Meeting-Tension_1711858706.jpg\" \/>\n\t<meta property=\"og:image:width\" content=\"1456\" \/>\n\t<meta property=\"og:image:height\" content=\"816\" \/>\n\t<meta property=\"og:image:type\" content=\"image\/jpeg\" \/>\n<meta name=\"twitter:card\" content=\"summary_large_image\" \/>\n<meta name=\"twitter:label1\" content=\"Tiempo de lectura\" \/>\n\t<meta name=\"twitter:data1\" content=\"4 minutos\" \/>\n<script type=\"application\/ld+json\" class=\"yoast-schema-graph\">{\"@context\":\"https:\/\/schema.org\",\"@graph\":[{\"@type\":\"WebPage\",\"@id\":\"https:\/\/shebell.com\/es\/indemnizacion-por-accidente-laboral\/reclamaciones-contra-terceros\/\",\"url\":\"https:\/\/shebell.com\/es\/indemnizacion-por-accidente-laboral\/reclamaciones-contra-terceros\/\",\"name\":\"Abogados de reclamaciones contra terceros en NJ | Shebell & Shebell\",\"isPartOf\":{\"@id\":\"https:\/\/shebell.com\/es\/#website\"},\"primaryImageOfPage\":{\"@id\":\"https:\/\/shebell.com\/es\/indemnizacion-por-accidente-laboral\/reclamaciones-contra-terceros\/#primaryimage\"},\"image\":{\"@id\":\"https:\/\/shebell.com\/es\/indemnizacion-por-accidente-laboral\/reclamaciones-contra-terceros\/#primaryimage\"},\"thumbnailUrl\":\"https:\/\/shebell.com\/wp-content\/uploads\/2024\/03\/StockCake-Business-Meeting-Tension_1711858706.jpg\",\"datePublished\":\"2024-03-21T11:09:05+00:00\",\"dateModified\":\"2026-03-24T14:57:55+00:00\",\"description\":\"\u00bfLesionado por un tercero en el trabajo en NJ? Los abogados de Shebell & Shebell le ayudan a obtener una compensaci\u00f3n adicional mediante reclamaciones contra terceros. Cont\u00e1ctenos hoy.\",\"breadcrumb\":{\"@id\":\"https:\/\/shebell.com\/es\/indemnizacion-por-accidente-laboral\/reclamaciones-contra-terceros\/#breadcrumb\"},\"inLanguage\":\"es\",\"potentialAction\":[{\"@type\":\"ReadAction\",\"target\":[\"https:\/\/shebell.com\/es\/indemnizacion-por-accidente-laboral\/reclamaciones-contra-terceros\/\"]}]},{\"@type\":\"ImageObject\",\"inLanguage\":\"es\",\"@id\":\"https:\/\/shebell.com\/es\/indemnizacion-por-accidente-laboral\/reclamaciones-contra-terceros\/#primaryimage\",\"url\":\"https:\/\/shebell.com\/wp-content\/uploads\/2024\/03\/StockCake-Business-Meeting-Tension_1711858706.jpg\",\"contentUrl\":\"https:\/\/shebell.com\/wp-content\/uploads\/2024\/03\/StockCake-Business-Meeting-Tension_1711858706.jpg\",\"width\":1456,\"height\":816},{\"@type\":\"BreadcrumbList\",\"@id\":\"https:\/\/shebell.com\/es\/indemnizacion-por-accidente-laboral\/reclamaciones-contra-terceros\/#breadcrumb\",\"itemListElement\":[{\"@type\":\"ListItem\",\"position\":1,\"name\":\"Home\",\"item\":\"https:\/\/shebell.com\/es\/inicio\/\"},{\"@type\":\"ListItem\",\"position\":2,\"name\":\"Indemnizaci\u00f3n por accidente laboral\",\"item\":\"https:\/\/shebell.com\/es\/indemnizacion-por-accidente-laboral\/\"},{\"@type\":\"ListItem\",\"position\":3,\"name\":\"Reclamaciones contra terceros\"}]},{\"@type\":\"WebSite\",\"@id\":\"https:\/\/shebell.com\/es\/#website\",\"url\":\"https:\/\/shebell.com\/es\/\",\"name\":\"Shebell & Shebell Injury Lawyers\",\"description\":\"New Jersey Workers&#039; Compensation Lawyers &amp; Injury Attorneys\",\"publisher\":{\"@id\":\"https:\/\/shebell.com\/es\/#organization\"},\"potentialAction\":[{\"@type\":\"SearchAction\",\"target\":{\"@type\":\"EntryPoint\",\"urlTemplate\":\"https:\/\/shebell.com\/es\/?s={search_term_string}\"},\"query-input\":{\"@type\":\"PropertyValueSpecification\",\"valueRequired\":true,\"valueName\":\"search_term_string\"}}],\"inLanguage\":\"es\"},{\"@type\":\"Organization\",\"@id\":\"https:\/\/shebell.com\/es\/#organization\",\"name\":\"Shebell & Shebell Injury Lawyers\",\"url\":\"https:\/\/shebell.com\/es\/\",\"logo\":{\"@type\":\"ImageObject\",\"inLanguage\":\"es\",\"@id\":\"https:\/\/shebell.com\/es\/#\/schema\/logo\/image\/\",\"url\":\"https:\/\/shebell.com\/wp-content\/uploads\/2025\/10\/ShebellLogo11.png\",\"contentUrl\":\"https:\/\/shebell.com\/wp-content\/uploads\/2025\/10\/ShebellLogo11.png\",\"width\":1080,\"height\":252,\"caption\":\"Shebell & Shebell Injury Lawyers\"},\"image\":{\"@id\":\"https:\/\/shebell.com\/es\/#\/schema\/logo\/image\/\"},\"sameAs\":[\"https:\/\/www.facebook.com\/shebellandshebell\"]}]}<\/script>\n<!-- \/ Yoast SEO Premium plugin. -->","yoast_head_json":{"title":"Abogados de reclamaciones contra terceros en NJ | Shebell & Shebell","description":"\u00bfLesionado por un tercero en el trabajo en NJ? Los abogados de Shebell & Shebell le ayudan a obtener una compensaci\u00f3n adicional mediante reclamaciones contra terceros. Cont\u00e1ctenos hoy.","robots":{"index":"index","follow":"follow","max-snippet":"max-snippet:-1","max-image-preview":"max-image-preview:large","max-video-preview":"max-video-preview:-1"},"canonical":"https:\/\/shebell.com\/es\/indemnizacion-por-accidente-laboral\/reclamaciones-contra-terceros\/","og_locale":"es_ES","og_type":"article","og_title":"Reclamaciones contra terceros","og_description":"\u00bfLesionado por un tercero en el trabajo en NJ? Los abogados de Shebell & Shebell le ayudan a obtener una compensaci\u00f3n adicional mediante reclamaciones contra terceros. Cont\u00e1ctenos hoy.","og_url":"https:\/\/shebell.com\/es\/indemnizacion-por-accidente-laboral\/reclamaciones-contra-terceros\/","og_site_name":"Shebell &amp; Shebell Injury Lawyers","article_publisher":"https:\/\/www.facebook.com\/shebellandshebell","article_modified_time":"2026-03-24T14:57:55+00:00","og_image":[{"width":1456,"height":816,"url":"https:\/\/shebell.com\/wp-content\/uploads\/2024\/03\/StockCake-Business-Meeting-Tension_1711858706.jpg","type":"image\/jpeg"}],"twitter_card":"summary_large_image","twitter_misc":{"Tiempo de lectura":"4 minutos"},"schema":{"@context":"https:\/\/schema.org","@graph":[{"@type":"WebPage","@id":"https:\/\/shebell.com\/es\/indemnizacion-por-accidente-laboral\/reclamaciones-contra-terceros\/","url":"https:\/\/shebell.com\/es\/indemnizacion-por-accidente-laboral\/reclamaciones-contra-terceros\/","name":"Abogados de reclamaciones contra terceros en NJ | Shebell & Shebell","isPartOf":{"@id":"https:\/\/shebell.com\/es\/#website"},"primaryImageOfPage":{"@id":"https:\/\/shebell.com\/es\/indemnizacion-por-accidente-laboral\/reclamaciones-contra-terceros\/#primaryimage"},"image":{"@id":"https:\/\/shebell.com\/es\/indemnizacion-por-accidente-laboral\/reclamaciones-contra-terceros\/#primaryimage"},"thumbnailUrl":"https:\/\/shebell.com\/wp-content\/uploads\/2024\/03\/StockCake-Business-Meeting-Tension_1711858706.jpg","datePublished":"2024-03-21T11:09:05+00:00","dateModified":"2026-03-24T14:57:55+00:00","description":"\u00bfLesionado por un tercero en el trabajo en NJ? Los abogados de Shebell & Shebell le ayudan a obtener una compensaci\u00f3n adicional mediante reclamaciones contra terceros. Cont\u00e1ctenos hoy.","breadcrumb":{"@id":"https:\/\/shebell.com\/es\/indemnizacion-por-accidente-laboral\/reclamaciones-contra-terceros\/#breadcrumb"},"inLanguage":"es","potentialAction":[{"@type":"ReadAction","target":["https:\/\/shebell.com\/es\/indemnizacion-por-accidente-laboral\/reclamaciones-contra-terceros\/"]}]},{"@type":"ImageObject","inLanguage":"es","@id":"https:\/\/shebell.com\/es\/indemnizacion-por-accidente-laboral\/reclamaciones-contra-terceros\/#primaryimage","url":"https:\/\/shebell.com\/wp-content\/uploads\/2024\/03\/StockCake-Business-Meeting-Tension_1711858706.jpg","contentUrl":"https:\/\/shebell.com\/wp-content\/uploads\/2024\/03\/StockCake-Business-Meeting-Tension_1711858706.jpg","width":1456,"height":816},{"@type":"BreadcrumbList","@id":"https:\/\/shebell.com\/es\/indemnizacion-por-accidente-laboral\/reclamaciones-contra-terceros\/#breadcrumb","itemListElement":[{"@type":"ListItem","position":1,"name":"Home","item":"https:\/\/shebell.com\/es\/inicio\/"},{"@type":"ListItem","position":2,"name":"Indemnizaci\u00f3n por accidente laboral","item":"https:\/\/shebell.com\/es\/indemnizacion-por-accidente-laboral\/"},{"@type":"ListItem","position":3,"name":"Reclamaciones contra terceros"}]},{"@type":"WebSite","@id":"https:\/\/shebell.com\/es\/#website","url":"https:\/\/shebell.com\/es\/","name":"Shebell & Shebell Injury Lawyers","description":"New Jersey Workers&#039; Compensation Lawyers &amp; Injury Attorneys","publisher":{"@id":"https:\/\/shebell.com\/es\/#organization"},"potentialAction":[{"@type":"SearchAction","target":{"@type":"EntryPoint","urlTemplate":"https:\/\/shebell.com\/es\/?s={search_term_string}"},"query-input":{"@type":"PropertyValueSpecification","valueRequired":true,"valueName":"search_term_string"}}],"inLanguage":"es"},{"@type":"Organization","@id":"https:\/\/shebell.com\/es\/#organization","name":"Shebell & Shebell Injury Lawyers","url":"https:\/\/shebell.com\/es\/","logo":{"@type":"ImageObject","inLanguage":"es","@id":"https:\/\/shebell.com\/es\/#\/schema\/logo\/image\/","url":"https:\/\/shebell.com\/wp-content\/uploads\/2025\/10\/ShebellLogo11.png","contentUrl":"https:\/\/shebell.com\/wp-content\/uploads\/2025\/10\/ShebellLogo11.png","width":1080,"height":252,"caption":"Shebell & Shebell Injury Lawyers"},"image":{"@id":"https:\/\/shebell.com\/es\/#\/schema\/logo\/image\/"},"sameAs":["https:\/\/www.facebook.com\/shebellandshebell"]}]}},"featured_image_src":"https:\/\/shebell.com\/wp-content\/uploads\/2024\/03\/StockCake-Business-Meeting-Tension_1711858706-600x400.jpg","featured_image_src_square":"https:\/\/shebell.com\/wp-content\/uploads\/2024\/03\/StockCake-Business-Meeting-Tension_1711858706-600x600.jpg","_links":{"self":[{"href":"https:\/\/shebell.com\/es\/wp-json\/wp\/v2\/pages\/3551","targetHints":{"allow":["GET"]}}],"collection":[{"href":"https:\/\/shebell.com\/es\/wp-json\/wp\/v2\/pages"}],"about":[{"href":"https:\/\/shebell.com\/es\/wp-json\/wp\/v2\/types\/page"}],"author":[{"embeddable":true,"href":"https:\/\/shebell.com\/es\/wp-json\/wp\/v2\/users\/5"}],"replies":[{"embeddable":true,"href":"https:\/\/shebell.com\/es\/wp-json\/wp\/v2\/comments?post=3551"}],"version-history":[{"count":0,"href":"https:\/\/shebell.com\/es\/wp-json\/wp\/v2\/pages\/3551\/revisions"}],"up":[{"embeddable":true,"href":"https:\/\/shebell.com\/es\/wp-json\/wp\/v2\/pages\/3709"}],"wp:featuredmedia":[{"embeddable":true,"href":"https:\/\/shebell.com\/es\/wp-json\/wp\/v2\/media\/3553"}],"wp:attachment":[{"href":"https:\/\/shebell.com\/es\/wp-json\/wp\/v2\/media?parent=3551"}],"curies":[{"name":"wp","href":"https:\/\/api.w.org\/{rel}","templated":true}]}}